{"id":33,"date":"2025-04-25T10:11:11","date_gmt":"2025-04-25T08:11:11","guid":{"rendered":"http:\/\/www.evonys.cz\/?page_id=33"},"modified":"2025-06-20T08:33:38","modified_gmt":"2025-06-20T06:33:38","slug":"kontakt","status":"publish","type":"page","link":"https:\/\/www.evonys.cz\/en\/kontakt\/","title":{"rendered":"Contact"},"content":{"rendered":"<div class=\"wp-block-uagb-container uagb-block-70fe397c alignfull uagb-is-root-container\"><div class=\"uagb-container-inner-blocks-wrap\">\n<div class=\"wp-block-uagb-advanced-heading uagb-block-c0033bad\"><h1 class=\"uagb-heading-text\">Contact us<\/h1><\/div>\n\n\n\n<div class=\"wp-block-uagb-advanced-heading uagb-block-4bd84360\"><p class=\"uagb-desc-text\">We're here for you. We'll be glad to answer your questions and offer you support.<\/p><\/div>\n<\/div><\/div>\n\n\n\n<div class=\"wp-block-uagb-container uagb-block-06457b0d alignwide uagb-is-root-container\">\n<div class=\"wp-block-uagb-advanced-heading uagb-block-d2727d41\"><h2 class=\"uagb-heading-text\">Where to find us?<\/h2><\/div>\n\n\n\n<div class=\"wp-block-uagb-container uagb-block-24fad04d\">\n<div class=\"wp-block-uagb-container uagb-block-351f6ef8\">\n<div class=\"wp-block-uagb-advanced-heading uagb-block-74918ba0\"><div class=\"uagb-heading-text\">Company headquarters<\/div><p class=\"uagb-desc-text\">EVONYS Ltd. <br>Pr\u016fmyslov\u00e1 5<br>108 00 Praha 10 \u2013 Male\u0161ice<br><br><strong>Mob:<\/strong> +420 732 33\u00a022\u00a055<\/p><\/div>\n<\/div>\n\n\n\n<div class=\"wp-block-uagb-container uagb-block-5cc83f7c\">\n<div class=\"wp-block-uagb-advanced-heading uagb-block-682dd3f1\"><div class=\"uagb-heading-text\">Billing address<\/div><p class=\"uagb-desc-text\">EVONYS Ltd. <br>Jind\u0159icha Buben\u00ed\u010dka 1598\/11, Uh\u0159\u00edn\u011bves, 104 00 Praha<br><br>CIN: 02743752, TIN: CZ02743752<br><sub>File number C 223266\/MSPH,<\/sub><br><sub>Municipal Court in<\/sub>&nbsp;<sub>Prague<\/sub><\/p><\/div>\n<\/div>\n\n\n\n<div class=\"wp-block-uagb-container uagb-block-07050bfa\">\n<div class=\"wp-block-uagb-advanced-heading uagb-block-b6eebffd\"><div class=\"uagb-heading-text\">Follow us<\/div><\/div>\n\n\n\n<div class=\"wp-block-uagb-icon-list uagb-block-21b9d640\"><div class=\"uagb-icon-list__wrap\">\n<div class=\"wp-block-uagb-icon-list-child uagb-block-58d5a34b\"><a target=\"_blank\" aria-label=\"https:\/\/www.linkedin.com\/company\/evonys\/\" rel=\"noopener noreferrer\" href=\"\/en\/List item\/\"> <\/a><span class=\"uagb-icon-list__source-wrap\"><svg xmlns=\"https:\/\/www.w3.org\/2000\/svg\" viewbox=\"0 0 512 512\"><path d=\"M504 256C504 119 393 8 256 8S8 119 8 256c0 123.8 90.69 226.4 209.3 245V327.7h-63V256h63v-54.64c0-62.15 37-96.48 93.67-96.48 27.14 0 55.52 4.84 55.52 4.84v61h-31.28c-30.8 0-40.41 19.12-40.41 38.73V256h68.78l-11 71.69h-57.78V501C413.3 482.4 504 379.8 504 256z\"><\/path><\/svg><\/span><\/div>\n\n\n\n<div class=\"wp-block-uagb-icon-list-child uagb-block-f8bcd522\"><a target=\"_blank\" aria-label=\"https:\/\/www.linkedin.com\/company\/evonys\/\" rel=\"noopener noreferrer\" href=\"https:\/\/www.linkedin.com\/company\/evonys\/\"> <\/a><span class=\"uagb-icon-list__source-wrap\"><svg xmlns=\"https:\/\/www.w3.org\/2000\/svg\" viewbox=\"0 0 448 512\"><path d=\"M416 32H31.9C14.3 32 0 46.5 0 64.3v383.4C0 465.5 14.3 480 31.9 480H416c17.6 0 32-14.5 32-32.3V64.3c0-17.8-14.4-32.3-32-32.3zM135.4 416H69V202.2h66.5V416zm-33.2-243c-21.3 0-38.5-17.3-38.5-38.5S80.9 96 102.2 96c21.2 0 38.5 17.3 38.5 38.5 0 21.3-17.2 38.5-38.5 38.5zm282.1 243h-66.4V312c0-24.8-.5-56.7-34.5-56.7-34.6 0-39.9 27-39.9 54.9V416h-66.4V202.2h63.7v29.2h.9c8.9-16.8 30.6-34.5 62.9-34.5 67.2 0 79.7 44.3 79.7 101.9V416z\"><\/path><\/svg><\/span><\/div>\n<\/div><\/div>\n<\/div>\n<\/div>\n\n\n\n<div class=\"wp-block-uagb-container uagb-block-1de93e6e\">\n<div class=\"wp-block-uagb-container uagb-block-65a13268\">\n<iframe src=\"https:\/\/www.google.com\/maps\/embed?pb=!1m18!1m12!1m3!1d2560.125108003839!2d14.534509877696173!3d50.08394447152448!2m3!1f0!2f0!3f0!3m2!1i1024!2i768!4f13.1!3m3!1m2!1s0x470b948030bd8c65%3A0x49c282d0f66ebf43!2sEVONYS%20s.%20r.%20o.%20-%20IT%20pro%20firmy%20a%20Reklamn%C3%AD%20Obrazovky!5e0!3m2!1scs!2scz!4v1745587034299!5m2!1scs!2scz\" width=\"600\" height=\"500\" style=\"border:0;\" allowfullscreen=\"\" loading=\"lazy\" referrerpolicy=\"no-referrer-when-downgrade\"><\/iframe>\n<\/div>\n<\/div>\n<\/div>\n\n\n\n<div class=\"wp-block-uagb-container uagb-block-af311b97 alignfull uagb-is-root-container\"><div class=\"uagb-container-inner-blocks-wrap\">\n<div class=\"wp-block-uagb-advanced-heading uagb-block-e2080071\"><h2 class=\"uagb-heading-text\">Send us a message<\/h2><\/div>\n\n\n\n<div class=\"wpcf7 no-js\" id=\"wpcf7-f1455-o1\" lang=\"cs-CZ\" dir=\"ltr\" data-wpcf7-id=\"1455\">\n<div class=\"screen-reader-response\"><p role=\"status\" aria-live=\"polite\" aria-atomic=\"true\"><\/p> <ul><\/ul><\/div>\n<form action=\"\/en\/wp-json\/wp\/v2\/pages\/33#wpcf7-f1455-o1\" method=\"post\" class=\"wpcf7-form init\" aria-label=\"Kontaktn\u00ed formul\u00e1\u0159\" novalidate=\"novalidate\" data-status=\"init\" data-trp-original-action=\"\/en\/wp-json\/wp\/v2\/pages\/33#wpcf7-f1455-o1\">\n<fieldset class=\"hidden-fields-container\"><input type=\"hidden\" name=\"_wpcf7\" value=\"1455\" \/><input type=\"hidden\" name=\"_wpcf7_version\" value=\"6.1.5\" \/><input type=\"hidden\" name=\"_wpcf7_locale\" value=\"cs_CZ\" \/><input type=\"hidden\" name=\"_wpcf7_unit_tag\" value=\"wpcf7-f1455-o1\" \/><input type=\"hidden\" name=\"_wpcf7_container_post\" value=\"0\" \/><input type=\"hidden\" name=\"_wpcf7_posted_data_hash\" value=\"\" \/><input type=\"hidden\" name=\"_wpcf7_recaptcha_response\" value=\"\" \/>\n<\/fieldset>\n<p><label> Name &amp; Surname<br \/>\n<span class=\"wpcf7-form-control-wrap\" data-name=\"your-name\"><input size=\"40\" maxlength=\"400\" class=\"wpcf7-form-control wpcf7-text wpcf7-validates-as-required\" autocomplete=\"name\" aria-required=\"true\" aria-invalid=\"false\" placeholder=\"Name Surname\" value=\"\" type=\"text\" name=\"your-name\" \/><\/span> <\/label>\n<\/p>\n<p><label> Your e-mail<br \/>\n<span class=\"wpcf7-form-control-wrap\" data-name=\"your-email\"><input size=\"40\" maxlength=\"400\" class=\"wpcf7-form-control wpcf7-email wpcf7-validates-as-required wpcf7-text wpcf7-validates-as-email\" autocomplete=\"email\" aria-required=\"true\" aria-invalid=\"false\" placeholder=\"your@email.where\" value=\"\" type=\"email\" name=\"your-email\" \/><\/span> <\/label>\n<\/p>\n<p><label> V\u00e1\u0161 telefon (nepovinn\u00e9)<br \/>\n<span class=\"wpcf7-form-control-wrap\" data-name=\"tel-122\"><input size=\"40\" maxlength=\"16\" minlength=\"9\" class=\"wpcf7-form-control wpcf7-tel wpcf7-text wpcf7-validates-as-tel\" aria-invalid=\"false\" placeholder=\"+XXX XXX XXX XXX\" value=\"\" type=\"tel\" name=\"tel-122\" \/><\/span> <\/label>\n<\/p>\n<p><label> Subject<br \/>\n<span class=\"wpcf7-form-control-wrap\" data-name=\"your-subject\"><input size=\"40\" maxlength=\"400\" class=\"wpcf7-form-control wpcf7-text wpcf7-validates-as-required\" aria-required=\"true\" aria-invalid=\"false\" placeholder=\"What do you need?\" value=\"\" type=\"text\" name=\"your-subject\" \/><\/span> <\/label>\n<\/p>\n<p><label> Your message<br \/>\n<span class=\"wpcf7-form-control-wrap\" data-name=\"your-message\"><textarea cols=\"40\" rows=\"10\" maxlength=\"2000\" class=\"wpcf7-form-control wpcf7-textarea\" aria-invalid=\"false\" placeholder=\"Please describe briefly, what would you like to consult with us.\" name=\"your-message\"><\/textarea><\/span> <\/label>\n<\/p>\n<p><input class=\"wpcf7-form-control wpcf7-submit has-spinner\" type=\"submit\" value=\"Send\" \/>\n<\/p><div class=\"wpcf7-response-output\" aria-hidden=\"true\"><\/div>\n<input type=\"hidden\" name=\"trp-form-language\" value=\"en\"\/><\/form>\n<\/div>\n\n<\/div><\/div>\n\n\n\n<div class=\"wp-block-uagb-container uagb-block-12fa4e5b alignfull uagb-is-root-container\"><div class=\"uagb-container-inner-blocks-wrap\">\n<div class=\"wp-block-uagb-info-box uagb-block-7008500d uagb-infobox__content-wrap  uagb-infobox-icon-above-title uagb-infobox-image-valign-top\"><div class=\"uagb-ifb-content\"><div class=\"uagb-ifb-title-wrap\"><h2 class=\"uagb-ifb-title\">Contact us<\/h2><\/div><p class=\"uagb-ifb-desc\">Contact us and start using all advantages of our customized IT &amp; AV solutions.<\/p><div class=\"uagb-ifb-button-wrapper wp-block-button\"><a href=\"\/en\/kontakt\/\" class=\"uagb-infobox-cta-link wp-block-button__link\" target=\"_self\" rel=\"noopener noreferrer\" onclick=\"return true;\"><span class=\"uagb-inline-editing\">Read more<\/span><\/a><\/div><\/div><\/div>\n<\/div><\/div>","protected":false},"excerpt":{"rendered":"<p>Kontaktujte n\u00e1s Jsme tu pro v\u00e1s. R\u00e1di zodpov\u00edme va\u0161e dotazy a nab\u00eddneme pomoc. Kde n\u00e1s najdete? S\u00eddlo spole\u010dnosti EVONYS s.r.o. Pr\u016fmyslov\u00e1 5108 00 Praha 10 &#8211; Male\u0161ice Mob: +420 732 33\u00a022\u00a055 Faktura\u010dn\u00ed adresa EVONYS s.r.o. Jind\u0159icha Buben\u00ed\u010dka 1598\/11, Uh\u0159\u00edn\u011bves, 104 00 Praha I\u010c: 02743752, DI\u010c: CZ02743752Spisov\u00e1 zna\u010dka C 223266\/MSPH,M\u011bstsk\u00fd soud v&nbsp;Praze Sledujte n\u00e1s Po\u0161lete n\u00e1m [&hellip;]<\/p>\n","protected":false},"author":1,"featured_media":0,"parent":0,"menu_order":0,"comment_status":"closed","ping_status":"closed","template":"","meta":{"_uag_custom_page_level_css":"","site-sidebar-layout":"default","site-content-layout":"","ast-site-content-layout":"default","site-content-style":"default","site-sidebar-style":"default","ast-global-header-display":"","ast-banner-title-visibility":"","ast-main-header-display":"","ast-hfb-above-header-display":"","ast-hfb-below-header-display":"","ast-hfb-mobile-header-display":"","site-post-title":"disabled","ast-breadcrumbs-content":"","ast-featured-img":"","footer-sml-layout":"","theme-transparent-header-meta":"","adv-header-id-meta":"","stick-header-meta":"","header-above-stick-meta":"","header-main-stick-meta":"","header-below-stick-meta":"","astra-migrate-meta-layouts":"set","ast-page-background-enabled":"default","ast-page-background-meta":{"desktop":{"background-color":"var(--ast-global-color-5)","background-image":"","background-repeat":"repeat","background-position":"center center","background-size":"auto","background-attachment":"scroll","background-type":"","background-media":"","overlay-type":"","overlay-color":"","overlay-opacity":"","overlay-gradient":""},"tablet":{"background-color":"","background-image":"","background-repeat":"repeat","background-position":"center center","background-size":"auto","background-attachment":"scroll","background-type":"","background-media":"","overlay-type":"","overlay-color":"","overlay-opacity":"","overlay-gradient":""},"mobile":{"background-color":"","background-image":"","background-repeat":"repeat","background-position":"center center","background-size":"auto","background-attachment":"scroll","background-type":"","background-media":"","overlay-type":"","overlay-color":"","overlay-opacity":"","overlay-gradient":""}},"ast-content-background-meta":{"desktop":{"background-color":"var(--ast-global-color-4)","background-image":"","background-repeat":"repeat","background-position":"center center","background-size":"auto","background-attachment":"scroll","background-type":"","background-media":"","overlay-type":"","overlay-color":"","overlay-opacity":"","overlay-gradient":""},"tablet":{"background-color":"var(--ast-global-color-4)","background-image":"","background-repeat":"repeat","background-position":"center center","background-size":"auto","background-attachment":"scroll","background-type":"","background-media":"","overlay-type":"","overlay-color":"","overlay-opacity":"","overlay-gradient":""},"mobile":{"background-color":"var(--ast-global-color-4)","background-image":"","background-repeat":"repeat","background-position":"center center","background-size":"auto","background-attachment":"scroll","background-type":"","background-media":"","overlay-type":"","overlay-color":"","overlay-opacity":"","overlay-gradient":""}},"footnotes":""},"class_list":["post-33","page","type-page","status-publish","hentry"],"yoast_head":"<!-- This site is optimized with the Yoast SEO plugin v27.0 - https:\/\/yoast.com\/product\/yoast-seo-wordpress\/ -->\n<title>Kontakt - EVONYS s. r. o. - IT pro firmy &amp; reklamn\u00ed obrazovky<\/title>\n<meta name=\"robots\" content=\"index, follow, max-snippet:-1, max-image-preview:large, max-video-preview:-1\" \/>\n<link rel=\"canonical\" href=\"https:\/\/www.evonys.cz\/en\/kontakt\/\" \/>\n<meta property=\"og:locale\" content=\"en_US\" \/>\n<meta property=\"og:type\" content=\"article\" \/>\n<meta property=\"og:title\" content=\"Kontakt - EVONYS s. r. o. - IT pro firmy &amp; reklamn\u00ed obrazovky\" \/>\n<meta property=\"og:description\" content=\"Kontaktujte n\u00e1s Jsme tu pro v\u00e1s. R\u00e1di zodpov\u00edme va\u0161e dotazy a nab\u00eddneme pomoc. Kde n\u00e1s najdete? S\u00eddlo spole\u010dnosti EVONYS s.r.o. Pr\u016fmyslov\u00e1 5108 00 Praha 10 &#8211; Male\u0161ice Mob: +420 732 33\u00a022\u00a055 Faktura\u010dn\u00ed adresa EVONYS s.r.o. Jind\u0159icha Buben\u00ed\u010dka 1598\/11, Uh\u0159\u00edn\u011bves, 104 00 Praha I\u010c: 02743752, DI\u010c: CZ02743752Spisov\u00e1 zna\u010dka C 223266\/MSPH,M\u011bstsk\u00fd soud v&nbsp;Praze Sledujte n\u00e1s Po\u0161lete n\u00e1m [&hellip;]\" \/>\n<meta property=\"og:url\" content=\"https:\/\/www.evonys.cz\/en\/kontakt\/\" \/>\n<meta property=\"og:site_name\" content=\"EVONYS s. r. o. - IT pro firmy &amp; reklamn\u00ed obrazovky\" \/>\n<meta property=\"article:publisher\" content=\"https:\/\/www.facebook.com\/profile.php?id=100079512644792\" \/>\n<meta property=\"article:modified_time\" content=\"2025-06-20T06:33:38+00:00\" \/>\n<meta name=\"twitter:card\" content=\"summary_large_image\" \/>\n<script type=\"application\/ld+json\" class=\"yoast-schema-graph\">{\"@context\":\"https:\/\/schema.org\",\"@graph\":[{\"@type\":\"WebPage\",\"@id\":\"https:\/\/www.evonys.cz\/en\/kontakt\/\",\"url\":\"https:\/\/www.evonys.cz\/en\/kontakt\/\",\"name\":\"Kontakt - EVONYS s. r. o. - IT pro firmy &amp; reklamn\u00ed obrazovky\",\"isPartOf\":{\"@id\":\"https:\/\/www.evonys.cz\/#website\"},\"datePublished\":\"2025-04-25T08:11:11+00:00\",\"dateModified\":\"2025-06-20T06:33:38+00:00\",\"breadcrumb\":{\"@id\":\"https:\/\/www.evonys.cz\/en\/kontakt\/#breadcrumb\"},\"inLanguage\":\"en-US\",\"potentialAction\":[{\"@type\":\"ReadAction\",\"target\":[\"https:\/\/www.evonys.cz\/en\/kontakt\/\"]}]},{\"@type\":\"BreadcrumbList\",\"@id\":\"https:\/\/www.evonys.cz\/en\/kontakt\/#breadcrumb\",\"itemListElement\":[{\"@type\":\"ListItem\",\"position\":1,\"name\":\"Dom\u016f\",\"item\":\"https:\/\/www.evonys.cz\/en\/\"},{\"@type\":\"ListItem\",\"position\":2,\"name\":\"Kontakt\"}]},{\"@type\":\"WebSite\",\"@id\":\"https:\/\/www.evonys.cz\/#website\",\"url\":\"https:\/\/www.evonys.cz\/\",\"name\":\"EVONYS s. r. o. - IT pro firmy & reklamn\u00ed obrazovky\",\"description\":\"EVONYS s. r. o. - IT pro firmy &amp; reklamn\u00ed obrazovky\",\"publisher\":{\"@id\":\"https:\/\/www.evonys.cz\/#organization\"},\"potentialAction\":[{\"@type\":\"SearchAction\",\"target\":{\"@type\":\"EntryPoint\",\"urlTemplate\":\"https:\/\/www.evonys.cz\/?s={search_term_string}\"},\"query-input\":{\"@type\":\"PropertyValueSpecification\",\"valueRequired\":true,\"valueName\":\"search_term_string\"}}],\"inLanguage\":\"en-US\"},{\"@type\":\"Organization\",\"@id\":\"https:\/\/www.evonys.cz\/#organization\",\"name\":\"EVONYS s. r. o.\",\"url\":\"https:\/\/www.evonys.cz\/\",\"logo\":{\"@type\":\"ImageObject\",\"inLanguage\":\"en-US\",\"@id\":\"https:\/\/www.evonys.cz\/#\/schema\/logo\/image\/\",\"url\":\"https:\/\/www.evonys.cz\/wp-content\/uploads\/2025\/04\/evonys_kvalitni_IT_transparent.png\",\"contentUrl\":\"https:\/\/www.evonys.cz\/wp-content\/uploads\/2025\/04\/evonys_kvalitni_IT_transparent.png\",\"width\":943,\"height\":227,\"caption\":\"EVONYS s. r. o.\"},\"image\":{\"@id\":\"https:\/\/www.evonys.cz\/#\/schema\/logo\/image\/\"},\"sameAs\":[\"https:\/\/www.facebook.com\/profile.php?id=100079512644792\"]}]}<\/script>\n<!-- \/ Yoast SEO plugin. -->","yoast_head_json":{"title":"Kontakt - EVONYS s. r. o. - IT pro firmy &amp; reklamn\u00ed obrazovky","robots":{"index":"index","follow":"follow","max-snippet":"max-snippet:-1","max-image-preview":"max-image-preview:large","max-video-preview":"max-video-preview:-1"},"canonical":"https:\/\/www.evonys.cz\/en\/kontakt\/","og_locale":"en_US","og_type":"article","og_title":"Kontakt - EVONYS s. r. o. - IT pro firmy &amp; reklamn\u00ed obrazovky","og_description":"Kontaktujte n\u00e1s Jsme tu pro v\u00e1s. R\u00e1di zodpov\u00edme va\u0161e dotazy a nab\u00eddneme pomoc. Kde n\u00e1s najdete? S\u00eddlo spole\u010dnosti EVONYS s.r.o. Pr\u016fmyslov\u00e1 5108 00 Praha 10 &#8211; Male\u0161ice Mob: +420 732 33\u00a022\u00a055 Faktura\u010dn\u00ed adresa EVONYS s.r.o. Jind\u0159icha Buben\u00ed\u010dka 1598\/11, Uh\u0159\u00edn\u011bves, 104 00 Praha I\u010c: 02743752, DI\u010c: CZ02743752Spisov\u00e1 zna\u010dka C 223266\/MSPH,M\u011bstsk\u00fd soud v&nbsp;Praze Sledujte n\u00e1s Po\u0161lete n\u00e1m [&hellip;]","og_url":"https:\/\/www.evonys.cz\/en\/kontakt\/","og_site_name":"EVONYS s. r. o. - IT pro firmy &amp; reklamn\u00ed obrazovky","article_publisher":"https:\/\/www.facebook.com\/profile.php?id=100079512644792","article_modified_time":"2025-06-20T06:33:38+00:00","twitter_card":"summary_large_image","schema":{"@context":"https:\/\/schema.org","@graph":[{"@type":"WebPage","@id":"https:\/\/www.evonys.cz\/en\/kontakt\/","url":"https:\/\/www.evonys.cz\/en\/kontakt\/","name":"Kontakt - EVONYS s. r. o. - IT pro firmy &amp; reklamn\u00ed obrazovky","isPartOf":{"@id":"https:\/\/www.evonys.cz\/#website"},"datePublished":"2025-04-25T08:11:11+00:00","dateModified":"2025-06-20T06:33:38+00:00","breadcrumb":{"@id":"https:\/\/www.evonys.cz\/en\/kontakt\/#breadcrumb"},"inLanguage":"en-US","potentialAction":[{"@type":"ReadAction","target":["https:\/\/www.evonys.cz\/en\/kontakt\/"]}]},{"@type":"BreadcrumbList","@id":"https:\/\/www.evonys.cz\/en\/kontakt\/#breadcrumb","itemListElement":[{"@type":"ListItem","position":1,"name":"Dom\u016f","item":"https:\/\/www.evonys.cz\/en\/"},{"@type":"ListItem","position":2,"name":"Kontakt"}]},{"@type":"WebSite","@id":"https:\/\/www.evonys.cz\/#website","url":"https:\/\/www.evonys.cz\/","name":"EVONYS s. r. o. - IT pro firmy & reklamn\u00ed obrazovky","description":"EVONYS s. r. o. - IT pro firmy &amp; reklamn\u00ed obrazovky","publisher":{"@id":"https:\/\/www.evonys.cz\/#organization"},"potentialAction":[{"@type":"SearchAction","target":{"@type":"EntryPoint","urlTemplate":"https:\/\/www.evonys.cz\/?s={search_term_string}"},"query-input":{"@type":"PropertyValueSpecification","valueRequired":true,"valueName":"search_term_string"}}],"inLanguage":"en-US"},{"@type":"Organization","@id":"https:\/\/www.evonys.cz\/#organization","name":"EVONYS s. r. o.","url":"https:\/\/www.evonys.cz\/","logo":{"@type":"ImageObject","inLanguage":"en-US","@id":"https:\/\/www.evonys.cz\/#\/schema\/logo\/image\/","url":"https:\/\/www.evonys.cz\/wp-content\/uploads\/2025\/04\/evonys_kvalitni_IT_transparent.png","contentUrl":"https:\/\/www.evonys.cz\/wp-content\/uploads\/2025\/04\/evonys_kvalitni_IT_transparent.png","width":943,"height":227,"caption":"EVONYS s. r. o."},"image":{"@id":"https:\/\/www.evonys.cz\/#\/schema\/logo\/image\/"},"sameAs":["https:\/\/www.facebook.com\/profile.php?id=100079512644792"]}]}},"uagb_featured_image_src":{"full":false,"thumbnail":false,"medium":false,"medium_large":false,"large":false,"1536x1536":false,"2048x2048":false,"trp-custom-language-flag":false},"uagb_author_info":{"display_name":"evonyscz","author_link":"https:\/\/www.evonys.cz\/en\/author\/evonyscz\/"},"uagb_comment_info":0,"uagb_excerpt":"Kontaktujte n\u00e1s Jsme tu pro v\u00e1s. R\u00e1di zodpov\u00edme va\u0161e dotazy a nab\u00eddneme pomoc. Kde n\u00e1s najdete? S\u00eddlo spole\u010dnosti EVONYS s.r.o. Pr\u016fmyslov\u00e1 5108 00 Praha 10 &#8211; Male\u0161ice Mob: +420 732 33\u00a022\u00a055 Faktura\u010dn\u00ed adresa EVONYS s.r.o. Jind\u0159icha Buben\u00ed\u010dka 1598\/11, Uh\u0159\u00edn\u011bves, 104 00 Praha I\u010c: 02743752, DI\u010c: CZ02743752Spisov\u00e1 zna\u010dka C 223266\/MSPH,M\u011bstsk\u00fd soud v&nbsp;Praze Sledujte n\u00e1s Po\u0161lete n\u00e1m&hellip;","_links":{"self":[{"href":"https:\/\/www.evonys.cz\/en\/wp-json\/wp\/v2\/pages\/33","targetHints":{"allow":["GET"]}}],"collection":[{"href":"https:\/\/www.evonys.cz\/en\/wp-json\/wp\/v2\/pages"}],"about":[{"href":"https:\/\/www.evonys.cz\/en\/wp-json\/wp\/v2\/types\/page"}],"author":[{"embeddable":true,"href":"https:\/\/www.evonys.cz\/en\/wp-json\/wp\/v2\/users\/1"}],"replies":[{"embeddable":true,"href":"https:\/\/www.evonys.cz\/en\/wp-json\/wp\/v2\/comments?post=33"}],"version-history":[{"count":22,"href":"https:\/\/www.evonys.cz\/en\/wp-json\/wp\/v2\/pages\/33\/revisions"}],"predecessor-version":[{"id":1637,"href":"https:\/\/www.evonys.cz\/en\/wp-json\/wp\/v2\/pages\/33\/revisions\/1637"}],"wp:attachment":[{"href":"https:\/\/www.evonys.cz\/en\/wp-json\/wp\/v2\/media?parent=33"}],"curies":[{"name":"wp","href":"https:\/\/api.w.org\/{rel}","templated":true}]}}