{"id":31,"date":"2025-04-25T10:11:11","date_gmt":"2025-04-25T08:11:11","guid":{"rendered":"http:\/\/www.evonys.cz\/?page_id=31"},"modified":"2025-06-20T08:13:09","modified_gmt":"2025-06-20T06:13:09","slug":"it-reseni","status":"publish","type":"page","link":"https:\/\/www.evonys.cz\/en\/it-reseni\/","title":{"rendered":"IT solutions"},"content":{"rendered":"<div class=\"wp-block-uagb-container uagb-block-568a6a6f alignfull uagb-is-root-container\"><div class=\"uagb-container-inner-blocks-wrap\">\n<div class=\"wp-block-uagb-advanced-heading uagb-block-4fcaa4d9\"><h1 class=\"uagb-heading-text\">Our services<\/h1><\/div>\n\n\n\n<div class=\"wp-block-uagb-advanced-heading uagb-block-e90f26ce\"><p class=\"uagb-desc-text\">Complex solution for your company, modern technology for effective communication.<\/p><\/div>\n<\/div><\/div>\n\n\n\n<div class=\"wp-block-uagb-container uagb-block-3e07fe11 alignfull uagb-is-root-container\"><div class=\"uagb-container-inner-blocks-wrap\">\n<div class=\"wp-block-uagb-container uagb-block-d4d500a0\">\n<div class=\"wp-block-uagb-container uagb-block-7f1a7e89\">\n<div class=\"wp-block-uagb-image alignleft uagb-block-1ca788f4 wp-block-uagb-image--layout-default wp-block-uagb-image--effect-static wp-block-uagb-image--align-left\"><figure class=\"wp-block-uagb-image__figure\"><img decoding=\"async\" srcset=\"https:\/\/www.evonys.cz\/wp-content\/uploads\/2025\/04\/pexels-photo-8866726.jpeg 1280w, https:\/\/www.evonys.cz\/wp-content\/uploads\/2025\/04\/pexels-photo-8866726-300x200.jpeg 300w, https:\/\/www.evonys.cz\/wp-content\/uploads\/2025\/04\/pexels-photo-8866726-1024x682.jpeg 1024w, https:\/\/www.evonys.cz\/wp-content\/uploads\/2025\/04\/pexels-photo-8866726-768x512.jpeg 768w\" sizes=\"auto, (max-width: 480px) 150px\" src=\"https:\/\/www.evonys.cz\/wp-content\/uploads\/2025\/04\/pexels-photo-8866726.jpeg\" alt=\"\" class=\"uag-image-8\" width=\"543\" height=\"400\" title=\"\" loading=\"lazy\" role=\"img\"\/><\/figure><\/div>\n\n\n\n<div class=\"wp-block-uagb-advanced-heading uagb-block-fcbf0b16\"><h2 class=\"uagb-heading-text\">IT services<\/h2><p class=\"uagb-desc-text\">We offer a wide range of IT services that include analysis and audit of your IT environment. Our experts design and implement effective network solutions and provide cybersecurity tailored to your needs. With us, you get stable and secure IT services.<\/p><\/div>\n<\/div>\n\n\n\n<div class=\"wp-block-uagb-container uagb-block-f9421b51\">\n<div class=\"wp-block-uagb-image alignleft uagb-block-cd2e59d9 wp-block-uagb-image--layout-default wp-block-uagb-image--effect-static wp-block-uagb-image--align-left\"><figure class=\"wp-block-uagb-image__figure\"><img decoding=\"async\" srcset=\"https:\/\/www.evonys.cz\/wp-content\/uploads\/2025\/04\/pexels-photo-3803517.jpeg ,https:\/\/www.evonys.cz\/wp-content\/uploads\/2025\/04\/pexels-photo-3803517.jpeg 780w, https:\/\/www.evonys.cz\/wp-content\/uploads\/2025\/04\/pexels-photo-3803517.jpeg 360w\" sizes=\"auto, (max-width: 480px) 150px\" src=\"https:\/\/www.evonys.cz\/wp-content\/uploads\/2025\/04\/pexels-photo-3803517.jpeg\" alt=\"\" class=\"uag-image-9\" width=\"543\" height=\"400\" title=\"\" loading=\"lazy\" role=\"img\"\/><\/figure><\/div>\n\n\n\n<div class=\"wp-block-uagb-advanced-heading uagb-block-34a269b3\"><h2 class=\"uagb-heading-text\">Promotional screens<\/h2><p class=\"uagb-desc-text\">Our promotional screens help you promote your products and services effectively. From design &amp; installation to content management, we offer a complete service. With our premium AV technology, you'll have constant access to up-to-date information and advertising campaigns.<\/p><\/div>\n<\/div>\n<\/div>\n\n\n\n<div class=\"wp-block-uagb-container uagb-block-08385aa7\">\n<div class=\"wp-block-uagb-container uagb-block-903c29ae\">\n<div class=\"wp-block-uagb-image alignleft uagb-block-f2e3a38c wp-block-uagb-image--layout-default wp-block-uagb-image--effect-static wp-block-uagb-image--align-left\"><figure class=\"wp-block-uagb-image__figure\"><img decoding=\"async\" srcset=\"https:\/\/www.evonys.cz\/wp-content\/uploads\/2025\/04\/pexels-photo-2881224.jpeg ,https:\/\/www.evonys.cz\/wp-content\/uploads\/2025\/04\/pexels-photo-2881224.jpeg 780w, https:\/\/www.evonys.cz\/wp-content\/uploads\/2025\/04\/pexels-photo-2881224.jpeg 360w\" sizes=\"auto, (max-width: 480px) 150px\" src=\"https:\/\/www.evonys.cz\/wp-content\/uploads\/2025\/04\/pexels-photo-2881224.jpeg\" alt=\"\" class=\"uag-image-10\" width=\"543\" height=\"400\" title=\"\" loading=\"lazy\" role=\"img\"\/><\/figure><\/div>\n\n\n\n<div class=\"wp-block-uagb-advanced-heading uagb-block-b2355bf0\"><h2 class=\"uagb-heading-text\">Videoconferencing<\/h2><p class=\"uagb-desc-text\">We offer modern video conferencing systems that enable easy and efficient communication between teams in different locations. Our solutions include complete support from design, through installation, to user training. Connect easily and seamlessly with anyone.<\/p><\/div>\n<\/div>\n\n\n\n<div class=\"wp-block-uagb-container uagb-block-20c11b49\">\n<div class=\"wp-block-uagb-image alignleft uagb-block-6e6bf1ea wp-block-uagb-image--layout-default wp-block-uagb-image--effect-static wp-block-uagb-image--align-left\"><figure class=\"wp-block-uagb-image__figure\"><img decoding=\"async\" srcset=\"https:\/\/www.evonys.cz\/wp-content\/uploads\/2025\/04\/pexels-photo-13963756.jpeg ,https:\/\/www.evonys.cz\/wp-content\/uploads\/2025\/04\/pexels-photo-13963756.jpeg 780w, https:\/\/www.evonys.cz\/wp-content\/uploads\/2025\/04\/pexels-photo-13963756.jpeg 360w\" sizes=\"auto, (max-width: 480px) 150px\" src=\"https:\/\/www.evonys.cz\/wp-content\/uploads\/2025\/04\/pexels-photo-13963756.jpeg\" alt=\"\" class=\"uag-image-11\" width=\"543\" height=\"400\" title=\"\" loading=\"lazy\" role=\"img\"\/><\/figure><\/div>\n\n\n\n<div class=\"wp-block-uagb-advanced-heading uagb-block-3a93f87b\"><h2 class=\"uagb-heading-text\">Cybersecurity<\/h2><p class=\"uagb-desc-text\">Our cyber security services include risk analysis and design of security measures to protect your business from threats. We conduct regular audits and employee cybersecurity training so you can keep your peace of mind and security top of mind.<\/p><\/div>\n<\/div>\n<\/div>\n\n\n\n<div class=\"wp-block-uagb-container uagb-block-9e38d4b1\">\n<div class=\"wp-block-uagb-container uagb-block-d7887d2a\">\n<div class=\"wp-block-uagb-image alignleft uagb-block-e914123c wp-block-uagb-image--layout-default wp-block-uagb-image--effect-static wp-block-uagb-image--align-left\"><figure class=\"wp-block-uagb-image__figure\"><img decoding=\"async\" srcset=\"https:\/\/www.evonys.cz\/wp-content\/uploads\/2025\/04\/pexels-photo-7651555.jpeg ,https:\/\/www.evonys.cz\/wp-content\/uploads\/2025\/04\/pexels-photo-7651555.jpeg 780w, https:\/\/www.evonys.cz\/wp-content\/uploads\/2025\/04\/pexels-photo-7651555.jpeg 360w\" sizes=\"auto, (max-width: 480px) 150px\" src=\"https:\/\/www.evonys.cz\/wp-content\/uploads\/2025\/04\/pexels-photo-7651555.jpeg\" alt=\"\" class=\"uag-image-6\" width=\"543\" height=\"400\" title=\"\" loading=\"lazy\" role=\"img\"\/><\/figure><\/div>\n\n\n\n<div class=\"wp-block-uagb-advanced-heading uagb-block-9d58c214\"><h2 class=\"uagb-heading-text\">Digital Signage<\/h2><p class=\"uagb-desc-text\">Our Digital Signage solutions include sale and rental of LCD and mobile LED screens. As authorized integrators of ViewSonic and Philips brands, we guarantee you quality and effective solutions for the presentation and promotion of your brand. We create interactive and engaging content that will appeal to your customers.<\/p><\/div>\n<\/div>\n\n\n\n<div class=\"wp-block-uagb-container uagb-block-49246099\">\n<div class=\"wp-block-uagb-image alignleft uagb-block-4274e905 wp-block-uagb-image--layout-default wp-block-uagb-image--effect-static wp-block-uagb-image--align-left\"><figure class=\"wp-block-uagb-image__figure\"><img decoding=\"async\" srcset=\"https:\/\/www.evonys.cz\/wp-content\/uploads\/2025\/04\/pexels-photo-17489163.jpeg ,https:\/\/www.evonys.cz\/wp-content\/uploads\/2025\/04\/pexels-photo-17489163.jpeg 780w, https:\/\/www.evonys.cz\/wp-content\/uploads\/2025\/04\/pexels-photo-17489163.jpeg 360w\" sizes=\"auto, (max-width: 480px) 150px\" src=\"https:\/\/www.evonys.cz\/wp-content\/uploads\/2025\/04\/pexels-photo-17489163.jpeg\" alt=\"\" class=\"uag-image-7\" width=\"543\" height=\"400\" title=\"\" loading=\"lazy\" role=\"img\"\/><\/figure><\/div>\n\n\n\n<div class=\"wp-block-uagb-advanced-heading uagb-block-17d232c4\"><h2 class=\"uagb-heading-text\">End-user support<\/h2><p class=\"uagb-desc-text\">Our user support service provides fast assistance and solutions to technical problems. Our specialists are available for support by phone, email or remote access. With 24\/7 support, you can rest assured that your IT systems will always run smoothly.<\/p><\/div>\n<\/div>\n<\/div>\n<\/div><\/div>\n\n\n\n<div class=\"wp-block-uagb-container uagb-block-12fa4e5b alignfull uagb-is-root-container\"><div class=\"uagb-container-inner-blocks-wrap\">\n<div class=\"wp-block-uagb-info-box uagb-block-7008500d uagb-infobox__content-wrap  uagb-infobox-icon-above-title uagb-infobox-image-valign-top\"><div class=\"uagb-ifb-content\"><div class=\"uagb-ifb-title-wrap\"><h2 class=\"uagb-ifb-title\">Contact us<\/h2><\/div><p class=\"uagb-ifb-desc\">Contact us and start using all advantages of our customized IT &amp; AV solutions.<\/p><div class=\"uagb-ifb-button-wrapper wp-block-button\"><a href=\"\/en\/kontakt\/\" class=\"uagb-infobox-cta-link wp-block-button__link\" target=\"_self\" rel=\"noopener noreferrer\" onclick=\"return true;\"><span class=\"uagb-inline-editing\">Read more<\/span><\/a><\/div><\/div><\/div>\n<\/div><\/div>","protected":false},"excerpt":{"rendered":"<p>Na\u0161e slu\u017eby Komplexn\u00ed \u0159e\u0161en\u00ed pro va\u0161i firmu, modern\u00ed technologie pro efektivn\u00ed komunikaci. IT slu\u017eby Nab\u00edz\u00edme \u0161irok\u00e9 spektrum IT slu\u017eeb, kter\u00e9 zahrnuj\u00ed anal\u00fdzu a audit va\u0161eho IT prost\u0159ed\u00ed. Na\u0161i odborn\u00edci n\u00e1vrhnou a implementuj\u00ed efektivn\u00ed s\u00ed\u0165ov\u00e1 \u0159e\u0161en\u00ed a zajist\u00ed kybernetickou bezpe\u010dnost na m\u00edru va\u0161im pot\u0159eb\u00e1m. S n\u00e1mi z\u00edsk\u00e1te stabiln\u00ed a bezpe\u010dn\u00e9 IT slu\u017eby. Reklamn\u00ed obrazovky Na\u0161e reklamn\u00ed [&hellip;]<\/p>\n","protected":false},"author":1,"featured_media":0,"parent":0,"menu_order":0,"comment_status":"closed","ping_status":"closed","template":"","meta":{"_uag_custom_page_level_css":"","site-sidebar-layout":"default","site-content-layout":"","ast-site-content-layout":"default","site-content-style":"default","site-sidebar-style":"default","ast-global-header-display":"","ast-banner-title-visibility":"","ast-main-header-display":"","ast-hfb-above-header-display":"","ast-hfb-below-header-display":"","ast-hfb-mobile-header-display":"","site-post-title":"disabled","ast-breadcrumbs-content":"","ast-featured-img":"","footer-sml-layout":"","theme-transparent-header-meta":"","adv-header-id-meta":"","stick-header-meta":"","header-above-stick-meta":"","header-main-stick-meta":"","header-below-stick-meta":"","astra-migrate-meta-layouts":"set","ast-page-background-enabled":"default","ast-page-background-meta":{"desktop":{"background-color":"var(--ast-global-color-5)","background-image":"","background-repeat":"repeat","background-position":"center center","background-size":"auto","background-attachment":"scroll","background-type":"","background-media":"","overlay-type":"","overlay-color":"","overlay-opacity":"","overlay-gradient":""},"tablet":{"background-color":"","background-image":"","background-repeat":"repeat","background-position":"center center","background-size":"auto","background-attachment":"scroll","background-type":"","background-media":"","overlay-type":"","overlay-color":"","overlay-opacity":"","overlay-gradient":""},"mobile":{"background-color":"","background-image":"","background-repeat":"repeat","background-position":"center center","background-size":"auto","background-attachment":"scroll","background-type":"","background-media":"","overlay-type":"","overlay-color":"","overlay-opacity":"","overlay-gradient":""}},"ast-content-background-meta":{"desktop":{"background-color":"var(--ast-global-color-4)","background-image":"","background-repeat":"repeat","background-position":"center center","background-size":"auto","background-attachment":"scroll","background-type":"","background-media":"","overlay-type":"","overlay-color":"","overlay-opacity":"","overlay-gradient":""},"tablet":{"background-color":"var(--ast-global-color-4)","background-image":"","background-repeat":"repeat","background-position":"center center","background-size":"auto","background-attachment":"scroll","background-type":"","background-media":"","overlay-type":"","overlay-color":"","overlay-opacity":"","overlay-gradient":""},"mobile":{"background-color":"var(--ast-global-color-4)","background-image":"","background-repeat":"repeat","background-position":"center center","background-size":"auto","background-attachment":"scroll","background-type":"","background-media":"","overlay-type":"","overlay-color":"","overlay-opacity":"","overlay-gradient":""}},"footnotes":""},"class_list":["post-31","page","type-page","status-publish","hentry"],"yoast_head":"<!-- This site is optimized with the Yoast SEO plugin v27.0 - https:\/\/yoast.com\/product\/yoast-seo-wordpress\/ -->\n<title>IT \u0159e\u0161en\u00ed - EVONYS s. r. o. - IT pro firmy &amp; reklamn\u00ed obrazovky<\/title>\n<meta name=\"robots\" content=\"index, follow, max-snippet:-1, max-image-preview:large, max-video-preview:-1\" \/>\n<link rel=\"canonical\" href=\"https:\/\/www.evonys.cz\/en\/it-reseni\/\" \/>\n<meta property=\"og:locale\" content=\"en_US\" \/>\n<meta property=\"og:type\" content=\"article\" \/>\n<meta property=\"og:title\" content=\"IT \u0159e\u0161en\u00ed - EVONYS s. r. o. - IT pro firmy &amp; reklamn\u00ed obrazovky\" \/>\n<meta property=\"og:description\" content=\"Na\u0161e slu\u017eby Komplexn\u00ed \u0159e\u0161en\u00ed pro va\u0161i firmu, modern\u00ed technologie pro efektivn\u00ed komunikaci. IT slu\u017eby Nab\u00edz\u00edme \u0161irok\u00e9 spektrum IT slu\u017eeb, kter\u00e9 zahrnuj\u00ed anal\u00fdzu a audit va\u0161eho IT prost\u0159ed\u00ed. Na\u0161i odborn\u00edci n\u00e1vrhnou a implementuj\u00ed efektivn\u00ed s\u00ed\u0165ov\u00e1 \u0159e\u0161en\u00ed a zajist\u00ed kybernetickou bezpe\u010dnost na m\u00edru va\u0161im pot\u0159eb\u00e1m. S n\u00e1mi z\u00edsk\u00e1te stabiln\u00ed a bezpe\u010dn\u00e9 IT slu\u017eby. Reklamn\u00ed obrazovky Na\u0161e reklamn\u00ed [&hellip;]\" \/>\n<meta property=\"og:url\" content=\"https:\/\/www.evonys.cz\/en\/it-reseni\/\" \/>\n<meta property=\"og:site_name\" content=\"EVONYS s. r. o. - IT pro firmy &amp; reklamn\u00ed obrazovky\" \/>\n<meta property=\"article:publisher\" content=\"https:\/\/www.facebook.com\/profile.php?id=100079512644792\" \/>\n<meta property=\"article:modified_time\" content=\"2025-06-20T06:13:09+00:00\" \/>\n<meta property=\"og:image\" content=\"http:\/\/www.evonys.cz\/wp-content\/uploads\/2025\/04\/pexels-photo-8866726.jpeg\" \/>\n<meta name=\"twitter:card\" content=\"summary_large_image\" \/>\n<meta name=\"twitter:label1\" content=\"Est. reading time\" \/>\n\t<meta name=\"twitter:data1\" content=\"2 minutes\" \/>\n<script type=\"application\/ld+json\" class=\"yoast-schema-graph\">{\"@context\":\"https:\/\/schema.org\",\"@graph\":[{\"@type\":\"WebPage\",\"@id\":\"https:\/\/www.evonys.cz\/it-reseni\/\",\"url\":\"https:\/\/www.evonys.cz\/it-reseni\/\",\"name\":\"IT \u0159e\u0161en\u00ed - EVONYS s. r. o. - IT pro firmy &amp; reklamn\u00ed obrazovky\",\"isPartOf\":{\"@id\":\"https:\/\/www.evonys.cz\/#website\"},\"primaryImageOfPage\":{\"@id\":\"https:\/\/www.evonys.cz\/it-reseni\/#primaryimage\"},\"image\":{\"@id\":\"https:\/\/www.evonys.cz\/it-reseni\/#primaryimage\"},\"thumbnailUrl\":\"http:\/\/www.evonys.cz\/wp-content\/uploads\/2025\/04\/pexels-photo-8866726.jpeg\",\"datePublished\":\"2025-04-25T08:11:11+00:00\",\"dateModified\":\"2025-06-20T06:13:09+00:00\",\"breadcrumb\":{\"@id\":\"https:\/\/www.evonys.cz\/it-reseni\/#breadcrumb\"},\"inLanguage\":\"en-US\",\"potentialAction\":[{\"@type\":\"ReadAction\",\"target\":[\"https:\/\/www.evonys.cz\/it-reseni\/\"]}]},{\"@type\":\"ImageObject\",\"inLanguage\":\"en-US\",\"@id\":\"https:\/\/www.evonys.cz\/it-reseni\/#primaryimage\",\"url\":\"http:\/\/www.evonys.cz\/wp-content\/uploads\/2025\/04\/pexels-photo-8866726.jpeg\",\"contentUrl\":\"http:\/\/www.evonys.cz\/wp-content\/uploads\/2025\/04\/pexels-photo-8866726.jpeg\"},{\"@type\":\"BreadcrumbList\",\"@id\":\"https:\/\/www.evonys.cz\/it-reseni\/#breadcrumb\",\"itemListElement\":[{\"@type\":\"ListItem\",\"position\":1,\"name\":\"Dom\u016f\",\"item\":\"https:\/\/www.evonys.cz\/en\/\"},{\"@type\":\"ListItem\",\"position\":2,\"name\":\"IT \u0159e\u0161en\u00ed\"}]},{\"@type\":\"WebSite\",\"@id\":\"https:\/\/www.evonys.cz\/#website\",\"url\":\"https:\/\/www.evonys.cz\/\",\"name\":\"EVONYS s. r. o. - IT pro firmy & reklamn\u00ed obrazovky\",\"description\":\"EVONYS s. r. o. - IT pro firmy &amp; reklamn\u00ed obrazovky\",\"publisher\":{\"@id\":\"https:\/\/www.evonys.cz\/#organization\"},\"potentialAction\":[{\"@type\":\"SearchAction\",\"target\":{\"@type\":\"EntryPoint\",\"urlTemplate\":\"https:\/\/www.evonys.cz\/?s={search_term_string}\"},\"query-input\":{\"@type\":\"PropertyValueSpecification\",\"valueRequired\":true,\"valueName\":\"search_term_string\"}}],\"inLanguage\":\"en-US\"},{\"@type\":\"Organization\",\"@id\":\"https:\/\/www.evonys.cz\/#organization\",\"name\":\"EVONYS s. r. o.\",\"url\":\"https:\/\/www.evonys.cz\/\",\"logo\":{\"@type\":\"ImageObject\",\"inLanguage\":\"en-US\",\"@id\":\"https:\/\/www.evonys.cz\/#\/schema\/logo\/image\/\",\"url\":\"https:\/\/www.evonys.cz\/wp-content\/uploads\/2025\/04\/evonys_kvalitni_IT_transparent.png\",\"contentUrl\":\"https:\/\/www.evonys.cz\/wp-content\/uploads\/2025\/04\/evonys_kvalitni_IT_transparent.png\",\"width\":943,\"height\":227,\"caption\":\"EVONYS s. r. o.\"},\"image\":{\"@id\":\"https:\/\/www.evonys.cz\/#\/schema\/logo\/image\/\"},\"sameAs\":[\"https:\/\/www.facebook.com\/profile.php?id=100079512644792\"]}]}<\/script>\n<!-- \/ Yoast SEO plugin. -->","yoast_head_json":{"title":"IT \u0159e\u0161en\u00ed - EVONYS s. r. o. - IT pro firmy &amp; reklamn\u00ed obrazovky","robots":{"index":"index","follow":"follow","max-snippet":"max-snippet:-1","max-image-preview":"max-image-preview:large","max-video-preview":"max-video-preview:-1"},"canonical":"https:\/\/www.evonys.cz\/en\/it-reseni\/","og_locale":"en_US","og_type":"article","og_title":"IT \u0159e\u0161en\u00ed - EVONYS s. r. o. - IT pro firmy &amp; reklamn\u00ed obrazovky","og_description":"Na\u0161e slu\u017eby Komplexn\u00ed \u0159e\u0161en\u00ed pro va\u0161i firmu, modern\u00ed technologie pro efektivn\u00ed komunikaci. IT slu\u017eby Nab\u00edz\u00edme \u0161irok\u00e9 spektrum IT slu\u017eeb, kter\u00e9 zahrnuj\u00ed anal\u00fdzu a audit va\u0161eho IT prost\u0159ed\u00ed. Na\u0161i odborn\u00edci n\u00e1vrhnou a implementuj\u00ed efektivn\u00ed s\u00ed\u0165ov\u00e1 \u0159e\u0161en\u00ed a zajist\u00ed kybernetickou bezpe\u010dnost na m\u00edru va\u0161im pot\u0159eb\u00e1m. S n\u00e1mi z\u00edsk\u00e1te stabiln\u00ed a bezpe\u010dn\u00e9 IT slu\u017eby. Reklamn\u00ed obrazovky Na\u0161e reklamn\u00ed [&hellip;]","og_url":"https:\/\/www.evonys.cz\/en\/it-reseni\/","og_site_name":"EVONYS s. r. o. - IT pro firmy &amp; reklamn\u00ed obrazovky","article_publisher":"https:\/\/www.facebook.com\/profile.php?id=100079512644792","article_modified_time":"2025-06-20T06:13:09+00:00","og_image":[{"url":"http:\/\/www.evonys.cz\/wp-content\/uploads\/2025\/04\/pexels-photo-8866726.jpeg","type":"","width":"","height":""}],"twitter_card":"summary_large_image","twitter_misc":{"Est. reading time":"2 minutes"},"schema":{"@context":"https:\/\/schema.org","@graph":[{"@type":"WebPage","@id":"https:\/\/www.evonys.cz\/it-reseni\/","url":"https:\/\/www.evonys.cz\/it-reseni\/","name":"IT \u0159e\u0161en\u00ed - EVONYS s. r. o. - IT pro firmy &amp; reklamn\u00ed obrazovky","isPartOf":{"@id":"https:\/\/www.evonys.cz\/#website"},"primaryImageOfPage":{"@id":"https:\/\/www.evonys.cz\/it-reseni\/#primaryimage"},"image":{"@id":"https:\/\/www.evonys.cz\/it-reseni\/#primaryimage"},"thumbnailUrl":"http:\/\/www.evonys.cz\/wp-content\/uploads\/2025\/04\/pexels-photo-8866726.jpeg","datePublished":"2025-04-25T08:11:11+00:00","dateModified":"2025-06-20T06:13:09+00:00","breadcrumb":{"@id":"https:\/\/www.evonys.cz\/it-reseni\/#breadcrumb"},"inLanguage":"en-US","potentialAction":[{"@type":"ReadAction","target":["https:\/\/www.evonys.cz\/it-reseni\/"]}]},{"@type":"ImageObject","inLanguage":"en-US","@id":"https:\/\/www.evonys.cz\/it-reseni\/#primaryimage","url":"http:\/\/www.evonys.cz\/wp-content\/uploads\/2025\/04\/pexels-photo-8866726.jpeg","contentUrl":"http:\/\/www.evonys.cz\/wp-content\/uploads\/2025\/04\/pexels-photo-8866726.jpeg"},{"@type":"BreadcrumbList","@id":"https:\/\/www.evonys.cz\/it-reseni\/#breadcrumb","itemListElement":[{"@type":"ListItem","position":1,"name":"Dom\u016f","item":"https:\/\/www.evonys.cz\/en\/"},{"@type":"ListItem","position":2,"name":"IT \u0159e\u0161en\u00ed"}]},{"@type":"WebSite","@id":"https:\/\/www.evonys.cz\/#website","url":"https:\/\/www.evonys.cz\/","name":"EVONYS s. r. o. - IT pro firmy & reklamn\u00ed obrazovky","description":"EVONYS s. r. o. - IT pro firmy &amp; reklamn\u00ed obrazovky","publisher":{"@id":"https:\/\/www.evonys.cz\/#organization"},"potentialAction":[{"@type":"SearchAction","target":{"@type":"EntryPoint","urlTemplate":"https:\/\/www.evonys.cz\/?s={search_term_string}"},"query-input":{"@type":"PropertyValueSpecification","valueRequired":true,"valueName":"search_term_string"}}],"inLanguage":"en-US"},{"@type":"Organization","@id":"https:\/\/www.evonys.cz\/#organization","name":"EVONYS s. r. o.","url":"https:\/\/www.evonys.cz\/","logo":{"@type":"ImageObject","inLanguage":"en-US","@id":"https:\/\/www.evonys.cz\/#\/schema\/logo\/image\/","url":"https:\/\/www.evonys.cz\/wp-content\/uploads\/2025\/04\/evonys_kvalitni_IT_transparent.png","contentUrl":"https:\/\/www.evonys.cz\/wp-content\/uploads\/2025\/04\/evonys_kvalitni_IT_transparent.png","width":943,"height":227,"caption":"EVONYS s. r. o."},"image":{"@id":"https:\/\/www.evonys.cz\/#\/schema\/logo\/image\/"},"sameAs":["https:\/\/www.facebook.com\/profile.php?id=100079512644792"]}]}},"uagb_featured_image_src":{"full":false,"thumbnail":false,"medium":false,"medium_large":false,"large":false,"1536x1536":false,"2048x2048":false,"trp-custom-language-flag":false},"uagb_author_info":{"display_name":"evonyscz","author_link":"https:\/\/www.evonys.cz\/en\/author\/evonyscz\/"},"uagb_comment_info":0,"uagb_excerpt":"Na\u0161e slu\u017eby Komplexn\u00ed \u0159e\u0161en\u00ed pro va\u0161i firmu, modern\u00ed technologie pro efektivn\u00ed komunikaci. IT slu\u017eby Nab\u00edz\u00edme \u0161irok\u00e9 spektrum IT slu\u017eeb, kter\u00e9 zahrnuj\u00ed anal\u00fdzu a audit va\u0161eho IT prost\u0159ed\u00ed. Na\u0161i odborn\u00edci n\u00e1vrhnou a implementuj\u00ed efektivn\u00ed s\u00ed\u0165ov\u00e1 \u0159e\u0161en\u00ed a zajist\u00ed kybernetickou bezpe\u010dnost na m\u00edru va\u0161im pot\u0159eb\u00e1m. S n\u00e1mi z\u00edsk\u00e1te stabiln\u00ed a bezpe\u010dn\u00e9 IT slu\u017eby. Reklamn\u00ed obrazovky Na\u0161e reklamn\u00ed&hellip;","_links":{"self":[{"href":"https:\/\/www.evonys.cz\/en\/wp-json\/wp\/v2\/pages\/31","targetHints":{"allow":["GET"]}}],"collection":[{"href":"https:\/\/www.evonys.cz\/en\/wp-json\/wp\/v2\/pages"}],"about":[{"href":"https:\/\/www.evonys.cz\/en\/wp-json\/wp\/v2\/types\/page"}],"author":[{"embeddable":true,"href":"https:\/\/www.evonys.cz\/en\/wp-json\/wp\/v2\/users\/1"}],"replies":[{"embeddable":true,"href":"https:\/\/www.evonys.cz\/en\/wp-json\/wp\/v2\/comments?post=31"}],"version-history":[{"count":5,"href":"https:\/\/www.evonys.cz\/en\/wp-json\/wp\/v2\/pages\/31\/revisions"}],"predecessor-version":[{"id":1632,"href":"https:\/\/www.evonys.cz\/en\/wp-json\/wp\/v2\/pages\/31\/revisions\/1632"}],"wp:attachment":[{"href":"https:\/\/www.evonys.cz\/en\/wp-json\/wp\/v2\/media?parent=31"}],"curies":[{"name":"wp","href":"https:\/\/api.w.org\/{rel}","templated":true}]}}