{"id":30,"date":"2025-04-25T10:11:11","date_gmt":"2025-04-25T08:11:11","guid":{"rendered":"http:\/\/www.evonys.cz\/?page_id=30"},"modified":"2025-05-06T09:39:26","modified_gmt":"2025-05-06T07:39:26","slug":"o-nas","status":"publish","type":"page","link":"https:\/\/www.evonys.cz\/en\/o-nas\/","title":{"rendered":"About us"},"content":{"rendered":"<div class=\"wp-block-uagb-container uagb-block-7b3cf0a9 alignfull uagb-is-root-container\"><div class=\"uagb-container-inner-blocks-wrap\">\n<div class=\"wp-block-uagb-advanced-heading uagb-block-75f37bc6\"><h1 class=\"uagb-heading-text\">About us<\/h1><\/div>\n\n\n\n<div class=\"wp-block-uagb-advanced-heading uagb-block-259e6731\"><p class=\"uagb-desc-text\">Technology and innovation for everyone. Experience and service quality in one place.<\/p><\/div>\n<\/div><\/div>\n\n\n\n<div class=\"wp-block-uagb-container uagb-block-3e8d5b05 alignfull uagb-is-root-container\"><div class=\"uagb-container-inner-blocks-wrap\">\n<div class=\"wp-block-uagb-container uagb-block-ee199b26\">\n<div class=\"wp-block-uagb-image alignleft uagb-block-3ec25827 wp-block-uagb-image--layout-default wp-block-uagb-image--effect-static wp-block-uagb-image--align-left\"><figure class=\"wp-block-uagb-image__figure\"><img decoding=\"async\" srcset=\"https:\/\/www.evonys.cz\/wp-content\/uploads\/2025\/04\/pexels-photo-8866726.jpeg 1280w, https:\/\/www.evonys.cz\/wp-content\/uploads\/2025\/04\/pexels-photo-8866726-300x200.jpeg 300w, https:\/\/www.evonys.cz\/wp-content\/uploads\/2025\/04\/pexels-photo-8866726-1024x682.jpeg 1024w, https:\/\/www.evonys.cz\/wp-content\/uploads\/2025\/04\/pexels-photo-8866726-768x512.jpeg 768w\" sizes=\"auto, (max-width: 480px) 150px\" src=\"https:\/\/www.evonys.cz\/wp-content\/uploads\/2025\/04\/pexels-photo-8866726.jpeg\" alt=\"\" class=\"uag-image-8\" width=\"260\" height=\"431\" title=\"\" loading=\"lazy\" role=\"img\"\/><\/figure><\/div>\n\n\n\n<div class=\"wp-block-uagb-image alignleft uagb-block-a23b2c0d wp-block-uagb-image--layout-default wp-block-uagb-image--effect-static wp-block-uagb-image--align-left\"><figure class=\"wp-block-uagb-image__figure\"><img decoding=\"async\" srcset=\"https:\/\/www.evonys.cz\/wp-content\/uploads\/2025\/04\/pexels-photo-3803517.jpeg ,https:\/\/www.evonys.cz\/wp-content\/uploads\/2025\/04\/pexels-photo-3803517.jpeg 780w, https:\/\/www.evonys.cz\/wp-content\/uploads\/2025\/04\/pexels-photo-3803517.jpeg 360w\" sizes=\"auto, (max-width: 480px) 150px\" src=\"https:\/\/www.evonys.cz\/wp-content\/uploads\/2025\/04\/pexels-photo-3803517.jpeg\" alt=\"\" class=\"uag-image-9\" width=\"260\" height=\"536\" title=\"\" loading=\"lazy\" role=\"img\"\/><\/figure><\/div>\n<\/div>\n\n\n\n<div class=\"wp-block-uagb-container uagb-block-869b9db0\">\n<div class=\"wp-block-uagb-advanced-heading uagb-block-10e01655\"><h2 class=\"uagb-heading-text\">Our stories and experience<\/h2><p class=\"uagb-desc-text\">EVONYS s. r. o. was founded in 2014 and has since become an important player on the Czech IT market. Our experience includes cooperation with countless companies and organizations to which we have provided professional services in the field of IT and audiovisual technologies. Our clients appreciate our comprehensive approaches to analysis, design and implementation that contribute to their success.<\/p><\/div>\n\n\n\n<div class=\"wp-block-uagb-icon-list uagb-block-c5f619be\"><div class=\"uagb-icon-list__wrap\">\n<div class=\"wp-block-uagb-icon-list-child uagb-block-ee9f8547\"><span class=\"uagb-icon-list__source-wrap\"><svg xmlns=\"https:\/\/www.w3.org\/2000\/svg\" viewbox=\"0 0 512 512\"><path d=\"M0 256C0 114.6 114.6 0 256 0C397.4 0 512 114.6 512 256C512 397.4 397.4 512 256 512C114.6 512 0 397.4 0 256zM371.8 211.8C382.7 200.9 382.7 183.1 371.8 172.2C360.9 161.3 343.1 161.3 332.2 172.2L224 280.4L179.8 236.2C168.9 225.3 151.1 225.3 140.2 236.2C129.3 247.1 129.3 264.9 140.2 275.8L204.2 339.8C215.1 350.7 232.9 350.7 243.8 339.8L371.8 211.8z\"><\/path><\/svg><\/span><span class=\"uagb-icon-list__label\">25 years of experience in IT<\/span><\/div>\n\n\n\n<div class=\"wp-block-uagb-icon-list-child uagb-block-d798698b\"><span class=\"uagb-icon-list__source-wrap\"><svg xmlns=\"https:\/\/www.w3.org\/2000\/svg\" viewbox=\"0 0 512 512\"><path d=\"M0 256C0 114.6 114.6 0 256 0C397.4 0 512 114.6 512 256C512 397.4 397.4 512 256 512C114.6 512 0 397.4 0 256zM371.8 211.8C382.7 200.9 382.7 183.1 371.8 172.2C360.9 161.3 343.1 161.3 332.2 172.2L224 280.4L179.8 236.2C168.9 225.3 151.1 225.3 140.2 236.2C129.3 247.1 129.3 264.9 140.2 275.8L204.2 339.8C215.1 350.7 232.9 350.7 243.8 339.8L371.8 211.8z\"><\/path><\/svg><\/span><span class=\"uagb-icon-list__label\">High-tech support<\/span><\/div>\n\n\n\n<div class=\"wp-block-uagb-icon-list-child uagb-block-e59854a7\"><span class=\"uagb-icon-list__source-wrap\"><svg xmlns=\"https:\/\/www.w3.org\/2000\/svg\" viewbox=\"0 0 512 512\"><path d=\"M0 256C0 114.6 114.6 0 256 0C397.4 0 512 114.6 512 256C512 397.4 397.4 512 256 512C114.6 512 0 397.4 0 256zM371.8 211.8C382.7 200.9 382.7 183.1 371.8 172.2C360.9 161.3 343.1 161.3 332.2 172.2L224 280.4L179.8 236.2C168.9 225.3 151.1 225.3 140.2 236.2C129.3 247.1 129.3 264.9 140.2 275.8L204.2 339.8C215.1 350.7 232.9 350.7 243.8 339.8L371.8 211.8z\"><\/path><\/svg><\/span><span class=\"uagb-icon-list__label\">Modern technologies<\/span><\/div>\n<\/div><\/div>\n<\/div>\n<\/div><\/div>\n\n\n\n<div class=\"wp-block-uagb-container uagb-block-9313817c alignfull uagb-is-root-container\"><div class=\"uagb-container-inner-blocks-wrap\">\n<div class=\"wp-block-uagb-container uagb-block-48bc6b3d\">\n<div class=\"wp-block-uagb-advanced-heading uagb-block-1a1b3057\"><h2 class=\"uagb-heading-text\">Our values<\/h2><\/div>\n\n\n\n<div class=\"wp-block-uagb-advanced-heading uagb-block-b5011a80\"><p class=\"uagb-desc-text\">Here you will find our vision, mission and core values that guide us.<\/p><\/div>\n<\/div>\n\n\n\n<div class=\"wp-block-uagb-container uagb-block-3c24046d\">\n<div class=\"wp-block-uagb-info-box uagb-block-17443239 uagb-infobox__content-wrap  uagb-infobox-icon-above-title uagb-infobox-image-valign-top wp-block-uagb-info-box--has-margin\"><div class=\"uagb-infobox-margin-wrapper\"><div class=\"uagb-ifb-content\"><div class=\"uagb-ifb-title-wrap\"><h3 class=\"uagb-ifb-title\">Our vision<\/h3><\/div><p class=\"uagb-ifb-desc\">Our vision is to be the leader in IT and audiovisual technologies in the Czech Republic, providing innovative and effective solutions for companies.<\/p><\/div><\/div><\/div>\n\n\n\n<div class=\"wp-block-uagb-info-box uagb-block-aa36aa63 uagb-infobox__content-wrap  uagb-infobox-icon-above-title uagb-infobox-image-valign-top wp-block-uagb-info-box--has-margin\"><div class=\"uagb-infobox-margin-wrapper\"><div class=\"uagb-ifb-content\"><div class=\"uagb-ifb-title-wrap\"><h3 class=\"uagb-ifb-title\">Our mission<\/h3><\/div><p class=\"uagb-ifb-desc\">Our mission is to deliver quality IT services and advanced AV technologies that support the growth and development of our clients.<\/p><\/div><\/div><\/div>\n\n\n\n<div class=\"wp-block-uagb-info-box uagb-block-030b281c uagb-infobox__content-wrap  uagb-infobox-icon-above-title uagb-infobox-image-valign-top wp-block-uagb-info-box--has-margin\"><div class=\"uagb-infobox-margin-wrapper\"><div class=\"uagb-ifb-content\"><div class=\"uagb-ifb-title-wrap\"><h3 class=\"uagb-ifb-title\">Core values<\/h3><\/div><p class=\"uagb-ifb-desc\">Our core values of trust, innovation, professionalism and customer focus are the foundation of our success.<\/p><\/div><\/div><\/div>\n<\/div>\n<\/div><\/div>\n\n\n\n<div class=\"wp-block-uagb-container uagb-block-12fa4e5b alignfull uagb-is-root-container\"><div class=\"uagb-container-inner-blocks-wrap\">\n<div class=\"wp-block-uagb-info-box uagb-block-7008500d uagb-infobox__content-wrap  uagb-infobox-icon-above-title uagb-infobox-image-valign-top\"><div class=\"uagb-ifb-content\"><div class=\"uagb-ifb-title-wrap\"><h2 class=\"uagb-ifb-title\">Contact us<\/h2><\/div><p class=\"uagb-ifb-desc\">Contact us and start using all advantages of our customized IT &amp; AV solutions.<\/p><div class=\"uagb-ifb-button-wrapper wp-block-button\"><a href=\"\/en\/kontakt\/\" class=\"uagb-infobox-cta-link wp-block-button__link\" target=\"_self\" rel=\"noopener noreferrer\" onclick=\"return true;\"><span class=\"uagb-inline-editing\">Read more<\/span><\/a><\/div><\/div><\/div>\n<\/div><\/div>","protected":false},"excerpt":{"rendered":"<p>O n\u00e1s Technologie a inovace pro ka\u017ed\u00e9ho. Zku\u0161enosti a kvalita slu\u017eeb pod jednou st\u0159echou. Na\u0161e p\u0159\u00edb\u011bhy a zku\u0161enosti Spole\u010dnost EVONYS s. r. o. byla zalo\u017eena roku 2014 a od t\u00e9 doby se stala d\u016fle\u017eit\u00fdm hr\u00e1\u010dem na \u010desk\u00e9m trhu IT. Na\u0161e zku\u0161enosti zahrnuj\u00ed spolupr\u00e1ci s nespo\u010dtem firem a organizac\u00ed, kter\u00fdm jsme poskytli odborn\u00e9 slu\u017eby v oblasti [&hellip;]<\/p>\n","protected":false},"author":1,"featured_media":0,"parent":0,"menu_order":0,"comment_status":"closed","ping_status":"closed","template":"","meta":{"_uag_custom_page_level_css":"","site-sidebar-layout":"default","site-content-layout":"","ast-site-content-layout":"default","site-content-style":"default","site-sidebar-style":"default","ast-global-header-display":"","ast-banner-title-visibility":"","ast-main-header-display":"","ast-hfb-above-header-display":"","ast-hfb-below-header-display":"","ast-hfb-mobile-header-display":"","site-post-title":"disabled","ast-breadcrumbs-content":"","ast-featured-img":"","footer-sml-layout":"","theme-transparent-header-meta":"","adv-header-id-meta":"","stick-header-meta":"","header-above-stick-meta":"","header-main-stick-meta":"","header-below-stick-meta":"","astra-migrate-meta-layouts":"set","ast-page-background-enabled":"default","ast-page-background-meta":{"desktop":{"background-color":"var(--ast-global-color-5)","background-image":"","background-repeat":"repeat","background-position":"center center","background-size":"auto","background-attachment":"scroll","background-type":"","background-media":"","overlay-type":"","overlay-color":"","overlay-opacity":"","overlay-gradient":""},"tablet":{"background-color":"","background-image":"","background-repeat":"repeat","background-position":"center center","background-size":"auto","background-attachment":"scroll","background-type":"","background-media":"","overlay-type":"","overlay-color":"","overlay-opacity":"","overlay-gradient":""},"mobile":{"background-color":"","background-image":"","background-repeat":"repeat","background-position":"center center","background-size":"auto","background-attachment":"scroll","background-type":"","background-media":"","overlay-type":"","overlay-color":"","overlay-opacity":"","overlay-gradient":""}},"ast-content-background-meta":{"desktop":{"background-color":"var(--ast-global-color-4)","background-image":"","background-repeat":"repeat","background-position":"center center","background-size":"auto","background-attachment":"scroll","background-type":"","background-media":"","overlay-type":"","overlay-color":"","overlay-opacity":"","overlay-gradient":""},"tablet":{"background-color":"var(--ast-global-color-4)","background-image":"","background-repeat":"repeat","background-position":"center center","background-size":"auto","background-attachment":"scroll","background-type":"","background-media":"","overlay-type":"","overlay-color":"","overlay-opacity":"","overlay-gradient":""},"mobile":{"background-color":"var(--ast-global-color-4)","background-image":"","background-repeat":"repeat","background-position":"center center","background-size":"auto","background-attachment":"scroll","background-type":"","background-media":"","overlay-type":"","overlay-color":"","overlay-opacity":"","overlay-gradient":""}},"footnotes":""},"class_list":["post-30","page","type-page","status-publish","hentry"],"yoast_head":"<!-- This site is optimized with the Yoast SEO plugin v27.0 - https:\/\/yoast.com\/product\/yoast-seo-wordpress\/ -->\n<title>O n\u00e1s - EVONYS s. r. o. - IT pro firmy &amp; reklamn\u00ed obrazovky<\/title>\n<meta name=\"robots\" content=\"index, follow, max-snippet:-1, max-image-preview:large, max-video-preview:-1\" \/>\n<link rel=\"canonical\" href=\"https:\/\/www.evonys.cz\/en\/o-nas\/\" \/>\n<meta property=\"og:locale\" content=\"en_US\" \/>\n<meta property=\"og:type\" content=\"article\" \/>\n<meta property=\"og:title\" content=\"O n\u00e1s - EVONYS s. r. o. - IT pro firmy &amp; reklamn\u00ed obrazovky\" \/>\n<meta property=\"og:description\" content=\"O n\u00e1s Technologie a inovace pro ka\u017ed\u00e9ho. Zku\u0161enosti a kvalita slu\u017eeb pod jednou st\u0159echou. Na\u0161e p\u0159\u00edb\u011bhy a zku\u0161enosti Spole\u010dnost EVONYS s. r. o. byla zalo\u017eena roku 2014 a od t\u00e9 doby se stala d\u016fle\u017eit\u00fdm hr\u00e1\u010dem na \u010desk\u00e9m trhu IT. Na\u0161e zku\u0161enosti zahrnuj\u00ed spolupr\u00e1ci s nespo\u010dtem firem a organizac\u00ed, kter\u00fdm jsme poskytli odborn\u00e9 slu\u017eby v oblasti [&hellip;]\" \/>\n<meta property=\"og:url\" content=\"https:\/\/www.evonys.cz\/en\/o-nas\/\" \/>\n<meta property=\"og:site_name\" content=\"EVONYS s. r. o. - IT pro firmy &amp; reklamn\u00ed obrazovky\" \/>\n<meta property=\"article:publisher\" content=\"https:\/\/www.facebook.com\/profile.php?id=100079512644792\" \/>\n<meta property=\"article:modified_time\" content=\"2025-05-06T07:39:26+00:00\" \/>\n<meta property=\"og:image\" content=\"http:\/\/www.evonys.cz\/wp-content\/uploads\/2025\/04\/pexels-photo-8866726.jpeg\" \/>\n<meta name=\"twitter:card\" content=\"summary_large_image\" \/>\n<meta name=\"twitter:label1\" content=\"Est. reading time\" \/>\n\t<meta name=\"twitter:data1\" content=\"1 minute\" \/>\n<script type=\"application\/ld+json\" class=\"yoast-schema-graph\">{\"@context\":\"https:\/\/schema.org\",\"@graph\":[{\"@type\":\"WebPage\",\"@id\":\"https:\/\/www.evonys.cz\/o-nas\/\",\"url\":\"https:\/\/www.evonys.cz\/o-nas\/\",\"name\":\"O n\u00e1s - EVONYS s. r. o. - IT pro firmy &amp; reklamn\u00ed obrazovky\",\"isPartOf\":{\"@id\":\"https:\/\/www.evonys.cz\/#website\"},\"primaryImageOfPage\":{\"@id\":\"https:\/\/www.evonys.cz\/o-nas\/#primaryimage\"},\"image\":{\"@id\":\"https:\/\/www.evonys.cz\/o-nas\/#primaryimage\"},\"thumbnailUrl\":\"http:\/\/www.evonys.cz\/wp-content\/uploads\/2025\/04\/pexels-photo-8866726.jpeg\",\"datePublished\":\"2025-04-25T08:11:11+00:00\",\"dateModified\":\"2025-05-06T07:39:26+00:00\",\"breadcrumb\":{\"@id\":\"https:\/\/www.evonys.cz\/o-nas\/#breadcrumb\"},\"inLanguage\":\"en-US\",\"potentialAction\":[{\"@type\":\"ReadAction\",\"target\":[\"https:\/\/www.evonys.cz\/o-nas\/\"]}]},{\"@type\":\"ImageObject\",\"inLanguage\":\"en-US\",\"@id\":\"https:\/\/www.evonys.cz\/o-nas\/#primaryimage\",\"url\":\"http:\/\/www.evonys.cz\/wp-content\/uploads\/2025\/04\/pexels-photo-8866726.jpeg\",\"contentUrl\":\"http:\/\/www.evonys.cz\/wp-content\/uploads\/2025\/04\/pexels-photo-8866726.jpeg\"},{\"@type\":\"BreadcrumbList\",\"@id\":\"https:\/\/www.evonys.cz\/o-nas\/#breadcrumb\",\"itemListElement\":[{\"@type\":\"ListItem\",\"position\":1,\"name\":\"Dom\u016f\",\"item\":\"https:\/\/www.evonys.cz\/en\/\"},{\"@type\":\"ListItem\",\"position\":2,\"name\":\"O n\u00e1s\"}]},{\"@type\":\"WebSite\",\"@id\":\"https:\/\/www.evonys.cz\/#website\",\"url\":\"https:\/\/www.evonys.cz\/\",\"name\":\"EVONYS s. r. o. - IT pro firmy & reklamn\u00ed obrazovky\",\"description\":\"EVONYS s. r. o. - IT pro firmy &amp; reklamn\u00ed obrazovky\",\"publisher\":{\"@id\":\"https:\/\/www.evonys.cz\/#organization\"},\"potentialAction\":[{\"@type\":\"SearchAction\",\"target\":{\"@type\":\"EntryPoint\",\"urlTemplate\":\"https:\/\/www.evonys.cz\/?s={search_term_string}\"},\"query-input\":{\"@type\":\"PropertyValueSpecification\",\"valueRequired\":true,\"valueName\":\"search_term_string\"}}],\"inLanguage\":\"en-US\"},{\"@type\":\"Organization\",\"@id\":\"https:\/\/www.evonys.cz\/#organization\",\"name\":\"EVONYS s. r. o.\",\"url\":\"https:\/\/www.evonys.cz\/\",\"logo\":{\"@type\":\"ImageObject\",\"inLanguage\":\"en-US\",\"@id\":\"https:\/\/www.evonys.cz\/#\/schema\/logo\/image\/\",\"url\":\"https:\/\/www.evonys.cz\/wp-content\/uploads\/2025\/04\/evonys_kvalitni_IT_transparent.png\",\"contentUrl\":\"https:\/\/www.evonys.cz\/wp-content\/uploads\/2025\/04\/evonys_kvalitni_IT_transparent.png\",\"width\":943,\"height\":227,\"caption\":\"EVONYS s. r. o.\"},\"image\":{\"@id\":\"https:\/\/www.evonys.cz\/#\/schema\/logo\/image\/\"},\"sameAs\":[\"https:\/\/www.facebook.com\/profile.php?id=100079512644792\"]}]}<\/script>\n<!-- \/ Yoast SEO plugin. -->","yoast_head_json":{"title":"O n\u00e1s - EVONYS s. r. o. - IT pro firmy &amp; reklamn\u00ed obrazovky","robots":{"index":"index","follow":"follow","max-snippet":"max-snippet:-1","max-image-preview":"max-image-preview:large","max-video-preview":"max-video-preview:-1"},"canonical":"https:\/\/www.evonys.cz\/en\/o-nas\/","og_locale":"en_US","og_type":"article","og_title":"O n\u00e1s - EVONYS s. r. o. - IT pro firmy &amp; reklamn\u00ed obrazovky","og_description":"O n\u00e1s Technologie a inovace pro ka\u017ed\u00e9ho. Zku\u0161enosti a kvalita slu\u017eeb pod jednou st\u0159echou. Na\u0161e p\u0159\u00edb\u011bhy a zku\u0161enosti Spole\u010dnost EVONYS s. r. o. byla zalo\u017eena roku 2014 a od t\u00e9 doby se stala d\u016fle\u017eit\u00fdm hr\u00e1\u010dem na \u010desk\u00e9m trhu IT. Na\u0161e zku\u0161enosti zahrnuj\u00ed spolupr\u00e1ci s nespo\u010dtem firem a organizac\u00ed, kter\u00fdm jsme poskytli odborn\u00e9 slu\u017eby v oblasti [&hellip;]","og_url":"https:\/\/www.evonys.cz\/en\/o-nas\/","og_site_name":"EVONYS s. r. o. - IT pro firmy &amp; reklamn\u00ed obrazovky","article_publisher":"https:\/\/www.facebook.com\/profile.php?id=100079512644792","article_modified_time":"2025-05-06T07:39:26+00:00","og_image":[{"url":"http:\/\/www.evonys.cz\/wp-content\/uploads\/2025\/04\/pexels-photo-8866726.jpeg","type":"","width":"","height":""}],"twitter_card":"summary_large_image","twitter_misc":{"Est. reading time":"1 minute"},"schema":{"@context":"https:\/\/schema.org","@graph":[{"@type":"WebPage","@id":"https:\/\/www.evonys.cz\/o-nas\/","url":"https:\/\/www.evonys.cz\/o-nas\/","name":"O n\u00e1s - EVONYS s. r. o. - IT pro firmy &amp; reklamn\u00ed obrazovky","isPartOf":{"@id":"https:\/\/www.evonys.cz\/#website"},"primaryImageOfPage":{"@id":"https:\/\/www.evonys.cz\/o-nas\/#primaryimage"},"image":{"@id":"https:\/\/www.evonys.cz\/o-nas\/#primaryimage"},"thumbnailUrl":"http:\/\/www.evonys.cz\/wp-content\/uploads\/2025\/04\/pexels-photo-8866726.jpeg","datePublished":"2025-04-25T08:11:11+00:00","dateModified":"2025-05-06T07:39:26+00:00","breadcrumb":{"@id":"https:\/\/www.evonys.cz\/o-nas\/#breadcrumb"},"inLanguage":"en-US","potentialAction":[{"@type":"ReadAction","target":["https:\/\/www.evonys.cz\/o-nas\/"]}]},{"@type":"ImageObject","inLanguage":"en-US","@id":"https:\/\/www.evonys.cz\/o-nas\/#primaryimage","url":"http:\/\/www.evonys.cz\/wp-content\/uploads\/2025\/04\/pexels-photo-8866726.jpeg","contentUrl":"http:\/\/www.evonys.cz\/wp-content\/uploads\/2025\/04\/pexels-photo-8866726.jpeg"},{"@type":"BreadcrumbList","@id":"https:\/\/www.evonys.cz\/o-nas\/#breadcrumb","itemListElement":[{"@type":"ListItem","position":1,"name":"Dom\u016f","item":"https:\/\/www.evonys.cz\/en\/"},{"@type":"ListItem","position":2,"name":"O n\u00e1s"}]},{"@type":"WebSite","@id":"https:\/\/www.evonys.cz\/#website","url":"https:\/\/www.evonys.cz\/","name":"EVONYS s. r. o. - IT pro firmy & reklamn\u00ed obrazovky","description":"EVONYS s. r. o. - IT pro firmy &amp; reklamn\u00ed obrazovky","publisher":{"@id":"https:\/\/www.evonys.cz\/#organization"},"potentialAction":[{"@type":"SearchAction","target":{"@type":"EntryPoint","urlTemplate":"https:\/\/www.evonys.cz\/?s={search_term_string}"},"query-input":{"@type":"PropertyValueSpecification","valueRequired":true,"valueName":"search_term_string"}}],"inLanguage":"en-US"},{"@type":"Organization","@id":"https:\/\/www.evonys.cz\/#organization","name":"EVONYS s. r. o.","url":"https:\/\/www.evonys.cz\/","logo":{"@type":"ImageObject","inLanguage":"en-US","@id":"https:\/\/www.evonys.cz\/#\/schema\/logo\/image\/","url":"https:\/\/www.evonys.cz\/wp-content\/uploads\/2025\/04\/evonys_kvalitni_IT_transparent.png","contentUrl":"https:\/\/www.evonys.cz\/wp-content\/uploads\/2025\/04\/evonys_kvalitni_IT_transparent.png","width":943,"height":227,"caption":"EVONYS s. r. o."},"image":{"@id":"https:\/\/www.evonys.cz\/#\/schema\/logo\/image\/"},"sameAs":["https:\/\/www.facebook.com\/profile.php?id=100079512644792"]}]}},"uagb_featured_image_src":{"full":false,"thumbnail":false,"medium":false,"medium_large":false,"large":false,"1536x1536":false,"2048x2048":false,"trp-custom-language-flag":false},"uagb_author_info":{"display_name":"evonyscz","author_link":"https:\/\/www.evonys.cz\/en\/author\/evonyscz\/"},"uagb_comment_info":0,"uagb_excerpt":"O n\u00e1s Technologie a inovace pro ka\u017ed\u00e9ho. Zku\u0161enosti a kvalita slu\u017eeb pod jednou st\u0159echou. Na\u0161e p\u0159\u00edb\u011bhy a zku\u0161enosti Spole\u010dnost EVONYS s. r. o. byla zalo\u017eena roku 2014 a od t\u00e9 doby se stala d\u016fle\u017eit\u00fdm hr\u00e1\u010dem na \u010desk\u00e9m trhu IT. Na\u0161e zku\u0161enosti zahrnuj\u00ed spolupr\u00e1ci s nespo\u010dtem firem a organizac\u00ed, kter\u00fdm jsme poskytli odborn\u00e9 slu\u017eby v oblasti&hellip;","_links":{"self":[{"href":"https:\/\/www.evonys.cz\/en\/wp-json\/wp\/v2\/pages\/30","targetHints":{"allow":["GET"]}}],"collection":[{"href":"https:\/\/www.evonys.cz\/en\/wp-json\/wp\/v2\/pages"}],"about":[{"href":"https:\/\/www.evonys.cz\/en\/wp-json\/wp\/v2\/types\/page"}],"author":[{"embeddable":true,"href":"https:\/\/www.evonys.cz\/en\/wp-json\/wp\/v2\/users\/1"}],"replies":[{"embeddable":true,"href":"https:\/\/www.evonys.cz\/en\/wp-json\/wp\/v2\/comments?post=30"}],"version-history":[{"count":6,"href":"https:\/\/www.evonys.cz\/en\/wp-json\/wp\/v2\/pages\/30\/revisions"}],"predecessor-version":[{"id":1626,"href":"https:\/\/www.evonys.cz\/en\/wp-json\/wp\/v2\/pages\/30\/revisions\/1626"}],"wp:attachment":[{"href":"https:\/\/www.evonys.cz\/en\/wp-json\/wp\/v2\/media?parent=30"}],"curies":[{"name":"wp","href":"https:\/\/api.w.org\/{rel}","templated":true}]}}