{"id":1418,"date":"2025-04-25T12:37:15","date_gmt":"2025-04-25T10:37:15","guid":{"rendered":"http:\/\/www.evonys.cz\/?page_id=1418"},"modified":"2025-06-12T13:34:31","modified_gmt":"2025-06-12T11:34:31","slug":"reference","status":"publish","type":"page","link":"https:\/\/www.evonys.cz\/en\/reference\/","title":{"rendered":"References"},"content":{"rendered":"<p>Do you need any reference? Here you can see an overview of our customer (alphabetically ordered):<\/p>\n\n\n\n<div class=\"wp-block-columns is-layout-flex wp-container-core-columns-is-layout-28f84493 wp-block-columns-is-layout-flex\">\n<div class=\"wp-block-column is-layout-flow wp-block-column-is-layout-flow\">\n<figure class=\"wp-block-image alignfull size-full\"><a href=\"https:\/\/www.alza.cz\/\" target=\"_blank\" rel=\" noreferrer noopener\"><img loading=\"lazy\" decoding=\"async\" width=\"350\" height=\"119\" src=\"https:\/\/www.evonys.cz\/wp-content\/uploads\/2025\/04\/alza_logo.png\" alt=\"Alza.cz\" class=\"wp-image-1523\" srcset=\"https:\/\/www.evonys.cz\/wp-content\/uploads\/2025\/04\/alza_logo.png 350w, https:\/\/www.evonys.cz\/wp-content\/uploads\/2025\/04\/alza_logo-300x102.png 300w, https:\/\/www.evonys.cz\/wp-content\/uploads\/2025\/04\/alza_logo-18x6.png 18w\" sizes=\"auto, (max-width: 350px) 100vw, 350px\" \/><\/a><\/figure>\n<\/div>\n\n\n\n<div class=\"wp-block-column is-layout-flow wp-block-column-is-layout-flow\">\n<figure class=\"wp-block-image alignfull size-full\"><a href=\"https:\/\/www.cafelouvre.cz\/\" target=\"_blank\" rel=\" noreferrer noopener\"><img loading=\"lazy\" decoding=\"async\" width=\"600\" height=\"151\" src=\"https:\/\/www.evonys.cz\/wp-content\/uploads\/2025\/04\/cafe_louvre.png\" alt=\"Caf\u00e9 Louvre\" class=\"wp-image-1529\" srcset=\"https:\/\/www.evonys.cz\/wp-content\/uploads\/2025\/04\/cafe_louvre.png 600w, https:\/\/www.evonys.cz\/wp-content\/uploads\/2025\/04\/cafe_louvre-300x76.png 300w, https:\/\/www.evonys.cz\/wp-content\/uploads\/2025\/04\/cafe_louvre-18x5.png 18w\" sizes=\"auto, (max-width: 600px) 100vw, 600px\" \/><\/a><\/figure>\n<\/div>\n\n\n\n<div class=\"wp-block-column is-layout-flow wp-block-column-is-layout-flow\">\n<figure class=\"wp-block-image aligncenter size-full\"><img loading=\"lazy\" decoding=\"async\" width=\"279\" height=\"90\" src=\"https:\/\/www.evonys.cz\/wp-content\/uploads\/2025\/04\/clinvest_logo.png\" alt=\"CLinvest\" class=\"wp-image-1530\" srcset=\"https:\/\/www.evonys.cz\/wp-content\/uploads\/2025\/04\/clinvest_logo.png 279w, https:\/\/www.evonys.cz\/wp-content\/uploads\/2025\/04\/clinvest_logo-18x6.png 18w\" sizes=\"auto, (max-width: 279px) 100vw, 279px\" \/><\/figure>\n<\/div>\n<\/div>\n\n\n\n<div class=\"wp-block-columns is-layout-flex wp-container-core-columns-is-layout-28f84493 wp-block-columns-is-layout-flex\">\n<div class=\"wp-block-column is-layout-flow wp-block-column-is-layout-flow\">\n<figure class=\"wp-block-image aligncenter size-full\"><a href=\"https:\/\/www.grandhospitality.cz\/\" target=\"_blank\" rel=\" noreferrer noopener\"><img loading=\"lazy\" decoding=\"async\" width=\"184\" height=\"43\" src=\"https:\/\/www.evonys.cz\/wp-content\/uploads\/2025\/04\/grand_hospitality.png\" alt=\"Grand Hospitality\" class=\"wp-image-1535\" srcset=\"https:\/\/www.evonys.cz\/wp-content\/uploads\/2025\/04\/grand_hospitality.png 184w, https:\/\/www.evonys.cz\/wp-content\/uploads\/2025\/04\/grand_hospitality-18x4.png 18w\" sizes=\"auto, (max-width: 184px) 100vw, 184px\" \/><\/a><\/figure>\n<\/div>\n\n\n\n<div class=\"wp-block-column is-layout-flow wp-block-column-is-layout-flow\">\n<figure class=\"wp-block-image aligncenter size-full\"><a href=\"https:\/\/muerdter.cz\/cs\/\" target=\"_blank\" rel=\" noreferrer noopener\"><img loading=\"lazy\" decoding=\"async\" width=\"183\" height=\"91\" src=\"https:\/\/www.evonys.cz\/wp-content\/uploads\/2025\/04\/hajdik_mudter_logo_alt.png\" alt=\"Hajdik M\u00fcrdter\" class=\"wp-image-1536\" srcset=\"https:\/\/www.evonys.cz\/wp-content\/uploads\/2025\/04\/hajdik_mudter_logo_alt.png 183w, https:\/\/www.evonys.cz\/wp-content\/uploads\/2025\/04\/hajdik_mudter_logo_alt-18x9.png 18w\" sizes=\"auto, (max-width: 183px) 100vw, 183px\" \/><\/a><\/figure>\n<\/div>\n\n\n\n<div class=\"wp-block-column is-layout-flow wp-block-column-is-layout-flow\">\n<figure class=\"wp-block-image aligncenter size-full\"><a href=\"https:\/\/www.hotelberg.cz\/cs\/\" target=\"_blank\" rel=\" noreferrer noopener\"><img loading=\"lazy\" decoding=\"async\" width=\"376\" height=\"176\" src=\"https:\/\/www.evonys.cz\/wp-content\/uploads\/2025\/04\/hotel_berg.png\" alt=\"Hotel Berg\" class=\"wp-image-1527\" srcset=\"https:\/\/www.evonys.cz\/wp-content\/uploads\/2025\/04\/hotel_berg.png 376w, https:\/\/www.evonys.cz\/wp-content\/uploads\/2025\/04\/hotel_berg-300x140.png 300w, https:\/\/www.evonys.cz\/wp-content\/uploads\/2025\/04\/hotel_berg-18x8.png 18w\" sizes=\"auto, (max-width: 376px) 100vw, 376px\" \/><\/a><\/figure>\n<\/div>\n<\/div>\n\n\n\n<div class=\"wp-block-columns is-layout-flex wp-container-core-columns-is-layout-28f84493 wp-block-columns-is-layout-flex\">\n<div class=\"wp-block-column is-layout-flow wp-block-column-is-layout-flow\">\n<figure class=\"wp-block-image aligncenter size-full is-resized\"><a href=\"https:\/\/www.hotelyakademie.cz\/\" target=\"_blank\" rel=\" noreferrer noopener\"><img loading=\"lazy\" decoding=\"async\" width=\"768\" height=\"872\" src=\"https:\/\/www.evonys.cz\/wp-content\/uploads\/2025\/04\/hotely_akademie.png\" alt=\"\" class=\"wp-image-1538\" style=\"width:196px;height:auto\" srcset=\"https:\/\/www.evonys.cz\/wp-content\/uploads\/2025\/04\/hotely_akademie.png 768w, https:\/\/www.evonys.cz\/wp-content\/uploads\/2025\/04\/hotely_akademie-264x300.png 264w, https:\/\/www.evonys.cz\/wp-content\/uploads\/2025\/04\/hotely_akademie-11x12.png 11w\" sizes=\"auto, (max-width: 768px) 100vw, 768px\" \/><\/a><\/figure>\n<\/div>\n\n\n\n<div class=\"wp-block-column is-layout-flow wp-block-column-is-layout-flow\">\n<figure class=\"wp-block-image aligncenter size-full is-resized\"><a href=\"https:\/\/www.kovojv.cz\/\" target=\"_blank\" rel=\" noreferrer noopener\"><img loading=\"lazy\" decoding=\"async\" width=\"609\" height=\"546\" src=\"https:\/\/www.evonys.cz\/wp-content\/uploads\/2025\/04\/kovojv_color.png\" alt=\"Kovoobr\u00e1b\u011bn\u00ed JV\" class=\"wp-image-1532\" style=\"width:252px;height:auto\" srcset=\"https:\/\/www.evonys.cz\/wp-content\/uploads\/2025\/04\/kovojv_color.png 609w, https:\/\/www.evonys.cz\/wp-content\/uploads\/2025\/04\/kovojv_color-300x269.png 300w, https:\/\/www.evonys.cz\/wp-content\/uploads\/2025\/04\/kovojv_color-13x12.png 13w\" sizes=\"auto, (max-width: 609px) 100vw, 609px\" \/><\/a><\/figure>\n<\/div>\n\n\n\n<div class=\"wp-block-column is-layout-flow wp-block-column-is-layout-flow\">\n<figure class=\"wp-block-image aligncenter size-full\"><a href=\"https:\/\/www.lgls.cz\/\" target=\"_blank\" rel=\" noreferrer noopener\"><img loading=\"lazy\" decoding=\"async\" width=\"180\" height=\"65\" src=\"https:\/\/www.evonys.cz\/wp-content\/uploads\/2025\/04\/legals_logo.png\" alt=\"Legals\" class=\"wp-image-1524\" srcset=\"https:\/\/www.evonys.cz\/wp-content\/uploads\/2025\/04\/legals_logo.png 180w, https:\/\/www.evonys.cz\/wp-content\/uploads\/2025\/04\/legals_logo-18x7.png 18w\" sizes=\"auto, (max-width: 180px) 100vw, 180px\" \/><\/a><\/figure>\n<\/div>\n<\/div>\n\n\n\n<div class=\"wp-block-columns is-layout-flex wp-container-core-columns-is-layout-28f84493 wp-block-columns-is-layout-flex\">\n<div class=\"wp-block-column is-layout-flow wp-block-column-is-layout-flow\">\n<figure class=\"wp-block-image aligncenter size-full\"><a href=\"https:\/\/www.maier.es\/cs\/\" target=\"_blank\" rel=\" noreferrer noopener\"><img loading=\"lazy\" decoding=\"async\" width=\"1583\" height=\"541\" src=\"https:\/\/www.evonys.cz\/wp-content\/uploads\/2025\/04\/maier_logo.png\" alt=\"Maier CZ\" class=\"wp-image-1528\" srcset=\"https:\/\/www.evonys.cz\/wp-content\/uploads\/2025\/04\/maier_logo.png 1583w, https:\/\/www.evonys.cz\/wp-content\/uploads\/2025\/04\/maier_logo-300x103.png 300w, https:\/\/www.evonys.cz\/wp-content\/uploads\/2025\/04\/maier_logo-1024x350.png 1024w, https:\/\/www.evonys.cz\/wp-content\/uploads\/2025\/04\/maier_logo-768x262.png 768w, https:\/\/www.evonys.cz\/wp-content\/uploads\/2025\/04\/maier_logo-1536x525.png 1536w, https:\/\/www.evonys.cz\/wp-content\/uploads\/2025\/04\/maier_logo-18x6.png 18w\" sizes=\"auto, (max-width: 1583px) 100vw, 1583px\" \/><\/a><\/figure>\n<\/div>\n\n\n\n<div class=\"wp-block-column is-layout-flow wp-block-column-is-layout-flow\">\n<figure class=\"wp-block-image aligncenter size-full is-resized\"><a href=\"https:\/\/houseoffunprague.cz\/\" target=\"_blank\" rel=\" noreferrer noopener\"><img loading=\"lazy\" decoding=\"async\" width=\"288\" height=\"318\" src=\"https:\/\/www.evonys.cz\/wp-content\/uploads\/2025\/04\/od_maj.png\" alt=\"OD M\u00e1j\" class=\"wp-image-1525\" style=\"width:178px;height:auto\" srcset=\"https:\/\/www.evonys.cz\/wp-content\/uploads\/2025\/04\/od_maj.png 288w, https:\/\/www.evonys.cz\/wp-content\/uploads\/2025\/04\/od_maj-272x300.png 272w, https:\/\/www.evonys.cz\/wp-content\/uploads\/2025\/04\/od_maj-11x12.png 11w\" sizes=\"auto, (max-width: 288px) 100vw, 288px\" \/><\/a><\/figure>\n<\/div>\n\n\n\n<div class=\"wp-block-column is-layout-flow wp-block-column-is-layout-flow\">\n<figure class=\"wp-block-image alignfull size-full\"><a href=\"https:\/\/akademie.makro.cz\/\" target=\"_blank\" rel=\" noreferrer noopener\"><img loading=\"lazy\" decoding=\"async\" width=\"313\" height=\"50\" src=\"https:\/\/www.evonys.cz\/wp-content\/uploads\/2025\/06\/logo-makro-akademie.png\" alt=\"\" class=\"wp-image-1629\" srcset=\"https:\/\/www.evonys.cz\/wp-content\/uploads\/2025\/06\/logo-makro-akademie.png 313w, https:\/\/www.evonys.cz\/wp-content\/uploads\/2025\/06\/logo-makro-akademie-300x48.png 300w, https:\/\/www.evonys.cz\/wp-content\/uploads\/2025\/06\/logo-makro-akademie-18x3.png 18w\" sizes=\"auto, (max-width: 313px) 100vw, 313px\" \/><\/a><\/figure>\n<\/div>\n<\/div>\n\n\n\n<div class=\"wp-block-columns is-layout-flex wp-container-core-columns-is-layout-28f84493 wp-block-columns-is-layout-flex\">\n<div class=\"wp-block-column is-layout-flow wp-block-column-is-layout-flow\">\n<figure class=\"wp-block-image aligncenter size-full\"><a href=\"https:\/\/www.philips.cz\/\" target=\"_blank\" rel=\" noreferrer noopener\"><img loading=\"lazy\" decoding=\"async\" width=\"800\" height=\"160\" src=\"https:\/\/www.evonys.cz\/wp-content\/uploads\/2025\/04\/philips_logo.png\" alt=\"Philips\" class=\"wp-image-1534\" srcset=\"https:\/\/www.evonys.cz\/wp-content\/uploads\/2025\/04\/philips_logo.png 800w, https:\/\/www.evonys.cz\/wp-content\/uploads\/2025\/04\/philips_logo-300x60.png 300w, https:\/\/www.evonys.cz\/wp-content\/uploads\/2025\/04\/philips_logo-768x154.png 768w, https:\/\/www.evonys.cz\/wp-content\/uploads\/2025\/04\/philips_logo-18x4.png 18w\" sizes=\"auto, (max-width: 800px) 100vw, 800px\" \/><\/a><\/figure>\n<\/div>\n\n\n\n<div class=\"wp-block-column is-layout-flow wp-block-column-is-layout-flow\">\n<figure class=\"wp-block-image aligncenter size-full\"><a href=\"https:\/\/qhouse.cz\/\" target=\"_blank\" rel=\" noreferrer noopener\"><img loading=\"lazy\" decoding=\"async\" width=\"239\" height=\"106\" src=\"https:\/\/www.evonys.cz\/wp-content\/uploads\/2025\/04\/qhouse_logo.png\" alt=\"Qhouse\" class=\"wp-image-1537\" srcset=\"https:\/\/www.evonys.cz\/wp-content\/uploads\/2025\/04\/qhouse_logo.png 239w, https:\/\/www.evonys.cz\/wp-content\/uploads\/2025\/04\/qhouse_logo-18x8.png 18w\" sizes=\"auto, (max-width: 239px) 100vw, 239px\" \/><\/a><\/figure>\n<\/div>\n\n\n\n<div class=\"wp-block-column is-layout-flow wp-block-column-is-layout-flow\">\n<figure class=\"wp-block-image aligncenter size-full\"><a href=\"https:\/\/sanates.cz\/\" target=\"_blank\" rel=\" noreferrer noopener\"><img loading=\"lazy\" decoding=\"async\" width=\"1000\" height=\"325\" src=\"https:\/\/www.evonys.cz\/wp-content\/uploads\/2025\/04\/sanates_logo.png\" alt=\"Sanat\u011bs\" class=\"wp-image-1526\" style=\"object-fit:cover\" srcset=\"https:\/\/www.evonys.cz\/wp-content\/uploads\/2025\/04\/sanates_logo.png 1000w, https:\/\/www.evonys.cz\/wp-content\/uploads\/2025\/04\/sanates_logo-300x98.png 300w, https:\/\/www.evonys.cz\/wp-content\/uploads\/2025\/04\/sanates_logo-768x250.png 768w, https:\/\/www.evonys.cz\/wp-content\/uploads\/2025\/04\/sanates_logo-18x6.png 18w\" sizes=\"auto, (max-width: 1000px) 100vw, 1000px\" \/><\/a><\/figure>\n<\/div>\n<\/div>\n\n\n\n<div class=\"wp-block-uagb-image aligncenter uagb-block-ff9f0a20 wp-block-uagb-image--layout-default wp-block-uagb-image--effect-static wp-block-uagb-image--align-center\"><figure class=\"wp-block-uagb-image__figure\"><a class=\"\" href=\"https:\/\/www.zsbarr.cz\/\" target=\"_blank\" rel=\"noreferrer noopener\"><img decoding=\"async\" srcset=\"https:\/\/www.evonys.cz\/wp-content\/uploads\/2025\/04\/zs_barr-1024x309.png ,https:\/\/www.evonys.cz\/wp-content\/uploads\/2025\/04\/zs_barr.png 780w, https:\/\/www.evonys.cz\/wp-content\/uploads\/2025\/04\/zs_barr.png 360w\" sizes=\"auto, (max-width: 480px) 150px\" src=\"https:\/\/www.evonys.cz\/wp-content\/uploads\/2025\/04\/zs_barr-1024x309.png\" alt=\"Z\u0160 &amp; M\u0160 Barrandov\" class=\"uag-image-1531\" width=\"547\" height=\"165\" title=\"zs_barr\" loading=\"lazy\" role=\"img\"\/><\/a><\/figure><\/div>","protected":false},"excerpt":{"rendered":"<p>Do you need any reference? Here you can see an overview of our customer (alphabetically ordered):<\/p>","protected":false},"author":1,"featured_media":0,"parent":0,"menu_order":0,"comment_status":"closed","ping_status":"closed","template":"","meta":{"_uag_custom_page_level_css":"","site-sidebar-layout":"default","site-content-layout":"","ast-site-content-layout":"default","site-content-style":"default","site-sidebar-style":"default","ast-global-header-display":"","ast-banner-title-visibility":"","ast-main-header-display":"","ast-hfb-above-header-display":"","ast-hfb-below-header-display":"","ast-hfb-mobile-header-display":"","site-post-title":"","ast-breadcrumbs-content":"","ast-featured-img":"","footer-sml-layout":"","theme-transparent-header-meta":"","adv-header-id-meta":"","stick-header-meta":"","header-above-stick-meta":"","header-main-stick-meta":"","header-below-stick-meta":"","astra-migrate-meta-layouts":"default","ast-page-background-enabled":"default","ast-page-background-meta":{"desktop":{"background-color":"var(--ast-global-color-5)","background-image":"","background-repeat":"repeat","background-position":"center center","background-size":"auto","background-attachment":"scroll","background-type":"","background-media":"","overlay-type":"","overlay-color":"","overlay-opacity":"","overlay-gradient":""},"tablet":{"background-color":"","background-image":"","background-repeat":"repeat","background-position":"center center","background-size":"auto","background-attachment":"scroll","background-type":"","background-media":"","overlay-type":"","overlay-color":"","overlay-opacity":"","overlay-gradient":""},"mobile":{"background-color":"","background-image":"","background-repeat":"repeat","background-position":"center center","background-size":"auto","background-attachment":"scroll","background-type":"","background-media":"","overlay-type":"","overlay-color":"","overlay-opacity":"","overlay-gradient":""}},"ast-content-background-meta":{"desktop":{"background-color":"var(--ast-global-color-4)","background-image":"","background-repeat":"repeat","background-position":"center center","background-size":"auto","background-attachment":"scroll","background-type":"","background-media":"","overlay-type":"","overlay-color":"","overlay-opacity":"","overlay-gradient":""},"tablet":{"background-color":"var(--ast-global-color-4)","background-image":"","background-repeat":"repeat","background-position":"center center","background-size":"auto","background-attachment":"scroll","background-type":"","background-media":"","overlay-type":"","overlay-color":"","overlay-opacity":"","overlay-gradient":""},"mobile":{"background-color":"var(--ast-global-color-4)","background-image":"","background-repeat":"repeat","background-position":"center center","background-size":"auto","background-attachment":"scroll","background-type":"","background-media":"","overlay-type":"","overlay-color":"","overlay-opacity":"","overlay-gradient":""}},"footnotes":""},"class_list":["post-1418","page","type-page","status-publish","hentry"],"yoast_head":"<!-- This site is optimized with the Yoast SEO plugin v27.0 - https:\/\/yoast.com\/product\/yoast-seo-wordpress\/ -->\n<title>Reference - EVONYS s. r. o. - IT pro firmy &amp; reklamn\u00ed obrazovky<\/title>\n<meta name=\"robots\" content=\"index, follow, max-snippet:-1, max-image-preview:large, max-video-preview:-1\" \/>\n<link rel=\"canonical\" href=\"https:\/\/www.evonys.cz\/en\/reference\/\" \/>\n<meta property=\"og:locale\" content=\"en_US\" \/>\n<meta property=\"og:type\" content=\"article\" \/>\n<meta property=\"og:title\" content=\"Reference - EVONYS s. r. o. - IT pro firmy &amp; reklamn\u00ed obrazovky\" \/>\n<meta property=\"og:description\" content=\"Pot\u0159ebujete n\u011bjakou referenci? Tady m\u016f\u017eete vid\u011bt p\u0159ehled z\u00e1kazn\u00edk\u016f a spole\u010dnost\u00ed, se kter\u00fdmi aktu\u00e1ln\u011b spolupracujeme (\u0159azeno abecedn\u011b):\" \/>\n<meta property=\"og:url\" content=\"https:\/\/www.evonys.cz\/en\/reference\/\" \/>\n<meta property=\"og:site_name\" content=\"EVONYS s. r. o. - IT pro firmy &amp; reklamn\u00ed obrazovky\" \/>\n<meta property=\"article:publisher\" content=\"https:\/\/www.facebook.com\/profile.php?id=100079512644792\" \/>\n<meta property=\"article:modified_time\" content=\"2025-06-12T11:34:31+00:00\" \/>\n<meta property=\"og:image\" content=\"https:\/\/www.evonys.cz\/wp-content\/uploads\/2025\/04\/alza_logo.png\" \/>\n<meta name=\"twitter:card\" content=\"summary_large_image\" \/>\n<script type=\"application\/ld+json\" class=\"yoast-schema-graph\">{\"@context\":\"https:\/\/schema.org\",\"@graph\":[{\"@type\":\"WebPage\",\"@id\":\"https:\/\/www.evonys.cz\/reference\/\",\"url\":\"https:\/\/www.evonys.cz\/reference\/\",\"name\":\"Reference - EVONYS s. r. o. - IT pro firmy &amp; reklamn\u00ed obrazovky\",\"isPartOf\":{\"@id\":\"https:\/\/www.evonys.cz\/#website\"},\"primaryImageOfPage\":{\"@id\":\"https:\/\/www.evonys.cz\/reference\/#primaryimage\"},\"image\":{\"@id\":\"https:\/\/www.evonys.cz\/reference\/#primaryimage\"},\"thumbnailUrl\":\"https:\/\/www.evonys.cz\/wp-content\/uploads\/2025\/04\/alza_logo.png\",\"datePublished\":\"2025-04-25T10:37:15+00:00\",\"dateModified\":\"2025-06-12T11:34:31+00:00\",\"breadcrumb\":{\"@id\":\"https:\/\/www.evonys.cz\/reference\/#breadcrumb\"},\"inLanguage\":\"en-US\",\"potentialAction\":[{\"@type\":\"ReadAction\",\"target\":[\"https:\/\/www.evonys.cz\/reference\/\"]}]},{\"@type\":\"ImageObject\",\"inLanguage\":\"en-US\",\"@id\":\"https:\/\/www.evonys.cz\/reference\/#primaryimage\",\"url\":\"https:\/\/www.evonys.cz\/wp-content\/uploads\/2025\/04\/alza_logo.png\",\"contentUrl\":\"https:\/\/www.evonys.cz\/wp-content\/uploads\/2025\/04\/alza_logo.png\"},{\"@type\":\"BreadcrumbList\",\"@id\":\"https:\/\/www.evonys.cz\/reference\/#breadcrumb\",\"itemListElement\":[{\"@type\":\"ListItem\",\"position\":1,\"name\":\"Dom\u016f\",\"item\":\"https:\/\/www.evonys.cz\/en\/\"},{\"@type\":\"ListItem\",\"position\":2,\"name\":\"Reference\"}]},{\"@type\":\"WebSite\",\"@id\":\"https:\/\/www.evonys.cz\/#website\",\"url\":\"https:\/\/www.evonys.cz\/\",\"name\":\"EVONYS s. r. o. - IT pro firmy & reklamn\u00ed obrazovky\",\"description\":\"EVONYS s. r. o. - IT pro firmy &amp; reklamn\u00ed obrazovky\",\"publisher\":{\"@id\":\"https:\/\/www.evonys.cz\/#organization\"},\"potentialAction\":[{\"@type\":\"SearchAction\",\"target\":{\"@type\":\"EntryPoint\",\"urlTemplate\":\"https:\/\/www.evonys.cz\/?s={search_term_string}\"},\"query-input\":{\"@type\":\"PropertyValueSpecification\",\"valueRequired\":true,\"valueName\":\"search_term_string\"}}],\"inLanguage\":\"en-US\"},{\"@type\":\"Organization\",\"@id\":\"https:\/\/www.evonys.cz\/#organization\",\"name\":\"EVONYS s. r. o.\",\"url\":\"https:\/\/www.evonys.cz\/\",\"logo\":{\"@type\":\"ImageObject\",\"inLanguage\":\"en-US\",\"@id\":\"https:\/\/www.evonys.cz\/#\/schema\/logo\/image\/\",\"url\":\"https:\/\/www.evonys.cz\/wp-content\/uploads\/2025\/04\/evonys_kvalitni_IT_transparent.png\",\"contentUrl\":\"https:\/\/www.evonys.cz\/wp-content\/uploads\/2025\/04\/evonys_kvalitni_IT_transparent.png\",\"width\":943,\"height\":227,\"caption\":\"EVONYS s. r. o.\"},\"image\":{\"@id\":\"https:\/\/www.evonys.cz\/#\/schema\/logo\/image\/\"},\"sameAs\":[\"https:\/\/www.facebook.com\/profile.php?id=100079512644792\"]}]}<\/script>\n<!-- \/ Yoast SEO plugin. -->","yoast_head_json":{"title":"Reference - EVONYS s. r. o. - IT pro firmy &amp; reklamn\u00ed obrazovky","robots":{"index":"index","follow":"follow","max-snippet":"max-snippet:-1","max-image-preview":"max-image-preview:large","max-video-preview":"max-video-preview:-1"},"canonical":"https:\/\/www.evonys.cz\/en\/reference\/","og_locale":"en_US","og_type":"article","og_title":"Reference - EVONYS s. r. o. - IT pro firmy &amp; reklamn\u00ed obrazovky","og_description":"Pot\u0159ebujete n\u011bjakou referenci? Tady m\u016f\u017eete vid\u011bt p\u0159ehled z\u00e1kazn\u00edk\u016f a spole\u010dnost\u00ed, se kter\u00fdmi aktu\u00e1ln\u011b spolupracujeme (\u0159azeno abecedn\u011b):","og_url":"https:\/\/www.evonys.cz\/en\/reference\/","og_site_name":"EVONYS s. r. o. - IT pro firmy &amp; reklamn\u00ed obrazovky","article_publisher":"https:\/\/www.facebook.com\/profile.php?id=100079512644792","article_modified_time":"2025-06-12T11:34:31+00:00","og_image":[{"url":"https:\/\/www.evonys.cz\/wp-content\/uploads\/2025\/04\/alza_logo.png","type":"","width":"","height":""}],"twitter_card":"summary_large_image","schema":{"@context":"https:\/\/schema.org","@graph":[{"@type":"WebPage","@id":"https:\/\/www.evonys.cz\/reference\/","url":"https:\/\/www.evonys.cz\/reference\/","name":"Reference - EVONYS s. r. o. - IT pro firmy &amp; reklamn\u00ed obrazovky","isPartOf":{"@id":"https:\/\/www.evonys.cz\/#website"},"primaryImageOfPage":{"@id":"https:\/\/www.evonys.cz\/reference\/#primaryimage"},"image":{"@id":"https:\/\/www.evonys.cz\/reference\/#primaryimage"},"thumbnailUrl":"https:\/\/www.evonys.cz\/wp-content\/uploads\/2025\/04\/alza_logo.png","datePublished":"2025-04-25T10:37:15+00:00","dateModified":"2025-06-12T11:34:31+00:00","breadcrumb":{"@id":"https:\/\/www.evonys.cz\/reference\/#breadcrumb"},"inLanguage":"en-US","potentialAction":[{"@type":"ReadAction","target":["https:\/\/www.evonys.cz\/reference\/"]}]},{"@type":"ImageObject","inLanguage":"en-US","@id":"https:\/\/www.evonys.cz\/reference\/#primaryimage","url":"https:\/\/www.evonys.cz\/wp-content\/uploads\/2025\/04\/alza_logo.png","contentUrl":"https:\/\/www.evonys.cz\/wp-content\/uploads\/2025\/04\/alza_logo.png"},{"@type":"BreadcrumbList","@id":"https:\/\/www.evonys.cz\/reference\/#breadcrumb","itemListElement":[{"@type":"ListItem","position":1,"name":"Dom\u016f","item":"https:\/\/www.evonys.cz\/en\/"},{"@type":"ListItem","position":2,"name":"Reference"}]},{"@type":"WebSite","@id":"https:\/\/www.evonys.cz\/#website","url":"https:\/\/www.evonys.cz\/","name":"EVONYS s. r. o. - IT pro firmy & reklamn\u00ed obrazovky","description":"EVONYS s. r. o. - IT pro firmy &amp; reklamn\u00ed obrazovky","publisher":{"@id":"https:\/\/www.evonys.cz\/#organization"},"potentialAction":[{"@type":"SearchAction","target":{"@type":"EntryPoint","urlTemplate":"https:\/\/www.evonys.cz\/?s={search_term_string}"},"query-input":{"@type":"PropertyValueSpecification","valueRequired":true,"valueName":"search_term_string"}}],"inLanguage":"en-US"},{"@type":"Organization","@id":"https:\/\/www.evonys.cz\/#organization","name":"EVONYS s. r. o.","url":"https:\/\/www.evonys.cz\/","logo":{"@type":"ImageObject","inLanguage":"en-US","@id":"https:\/\/www.evonys.cz\/#\/schema\/logo\/image\/","url":"https:\/\/www.evonys.cz\/wp-content\/uploads\/2025\/04\/evonys_kvalitni_IT_transparent.png","contentUrl":"https:\/\/www.evonys.cz\/wp-content\/uploads\/2025\/04\/evonys_kvalitni_IT_transparent.png","width":943,"height":227,"caption":"EVONYS s. r. o."},"image":{"@id":"https:\/\/www.evonys.cz\/#\/schema\/logo\/image\/"},"sameAs":["https:\/\/www.facebook.com\/profile.php?id=100079512644792"]}]}},"uagb_featured_image_src":{"full":false,"thumbnail":false,"medium":false,"medium_large":false,"large":false,"1536x1536":false,"2048x2048":false,"trp-custom-language-flag":false},"uagb_author_info":{"display_name":"evonyscz","author_link":"https:\/\/www.evonys.cz\/en\/author\/evonyscz\/"},"uagb_comment_info":0,"uagb_excerpt":"Pot\u0159ebujete n\u011bjakou referenci? Tady m\u016f\u017eete vid\u011bt p\u0159ehled z\u00e1kazn\u00edk\u016f a spole\u010dnost\u00ed, se kter\u00fdmi aktu\u00e1ln\u011b spolupracujeme (\u0159azeno abecedn\u011b):","_links":{"self":[{"href":"https:\/\/www.evonys.cz\/en\/wp-json\/wp\/v2\/pages\/1418","targetHints":{"allow":["GET"]}}],"collection":[{"href":"https:\/\/www.evonys.cz\/en\/wp-json\/wp\/v2\/pages"}],"about":[{"href":"https:\/\/www.evonys.cz\/en\/wp-json\/wp\/v2\/types\/page"}],"author":[{"embeddable":true,"href":"https:\/\/www.evonys.cz\/en\/wp-json\/wp\/v2\/users\/1"}],"replies":[{"embeddable":true,"href":"https:\/\/www.evonys.cz\/en\/wp-json\/wp\/v2\/comments?post=1418"}],"version-history":[{"count":28,"href":"https:\/\/www.evonys.cz\/en\/wp-json\/wp\/v2\/pages\/1418\/revisions"}],"predecessor-version":[{"id":1631,"href":"https:\/\/www.evonys.cz\/en\/wp-json\/wp\/v2\/pages\/1418\/revisions\/1631"}],"wp:attachment":[{"href":"https:\/\/www.evonys.cz\/en\/wp-json\/wp\/v2\/media?parent=1418"}],"curies":[{"name":"wp","href":"https:\/\/api.w.org\/{rel}","templated":true}]}}